{"id":1056,"date":"2022-10-19T11:21:42","date_gmt":"2022-10-19T09:21:42","guid":{"rendered":"https:\/\/www.duperrex.ch\/conditions-generales\/"},"modified":"2023-04-20T12:32:56","modified_gmt":"2023-04-20T10:32:56","slug":"conditions-generales","status":"publish","type":"page","link":"https:\/\/www.duperrex.ch\/en\/conditions-generales\/","title":{"rendered":"Conditions G\u00e9n\u00e9rales"},"content":{"rendered":"<p>[et_pb_section fb_built=&#8221;1&#8243; _builder_version=&#8221;4.18.0&#8243; _module_preset=&#8221;default&#8221; global_colors_info=&#8221;{}&#8221;][et_pb_row module_id=&#8221;polconf&#8221; _builder_version=&#8221;4.19.4&#8243; _module_preset=&#8221;default&#8221; background_color=&#8221;#F3F3F3&#8243; custom_margin=&#8221;50px||70px||false|false&#8221; custom_padding=&#8221;20px|20px|20px|20px|true|true&#8221; global_colors_info=&#8221;{}&#8221;][et_pb_column type=&#8221;4_4&#8243; _builder_version=&#8221;4.18.0&#8243; _module_preset=&#8221;default&#8221; global_colors_info=&#8221;{}&#8221;][et_pb_text _builder_version=&#8221;4.18.0&#8243; _module_preset=&#8221;default&#8221; header_text_color=&#8221;#C42815&#8243; header_2_text_color=&#8221;#C42815&#8243; global_colors_info=&#8221;{}&#8221;]<\/p>\n<h2>Privacy Policy<\/h2>\n<p>[\/et_pb_text][et_pb_text _builder_version=&#8221;4.19.4&#8243; _module_preset=&#8221;default&#8221; global_colors_info=&#8221;{}&#8221;]<\/p>\n<p style=\"text-align: justify;\">Duperrex Fr\u00e8res SA collects personal information that are relevant to its business and use them for professional purposes only.<\/p>\n<p style=\"text-align: justify;\">This data is stored on an internal protected server.<\/p>\n<p style=\"text-align: justify;\">In order to ensure smooth handling of its operations, Duperrex Fr\u00e8res SA, may communicate the personal data to its partner companies. However, this data is not communicated to unauthorised individuals or companies.<\/p>\n<p style=\"text-align: justify;\">We value your trust in providing us with your personal information, thus we are striving to use commercially acceptable means of protecting it. Please be aware, however, that no method of transmission over the internet, or method of electronic storage is 100% secure and reliable, and we cannot guarantee its absolute security.<\/p>\n<p style=\"text-align: justify;\">You can contact us at any time in order to find out which personal data we have in our possession and ask us to delete it, if needed (which we will do so immediately).<\/p>\n<p style=\"text-align: justify;\">You will find links on our website that redirect you to other internet websites. Note that these external sites are not all operated by Duperrex Fr\u00e8res SA. Therefore, we advise you to review the privacy policy of these websites.<\/p>\n<p style=\"text-align: justify;\">We may update our Privacy Policy from time to time. If you have any questions or suggestions about our Privacy Policy, do not hesitate to contact us.<\/p>\n<p style=\"text-align: justify;\"><em>Duperrex Fr\u00e8res SA<\/em><\/p>\n<p style=\"text-align: justify;\">\n<p>[\/et_pb_text][\/et_pb_column][\/et_pb_row][\/et_pb_section]<\/p>\n","protected":false},"excerpt":{"rendered":"<p>Privacy PolicyDuperrex Fr\u00e8res SA collects personal information that are relevant to its business and use them for professional purposes only. This data is stored on an internal protected server. In order to ensure smooth handling of its operations, Duperrex Fr\u00e8res SA, may communicate the personal data to its partner companies. However, this data is not [&hellip;]<\/p>\n","protected":false},"author":4,"featured_media":0,"parent":0,"menu_order":0,"comment_status":"closed","ping_status":"closed","template":"","meta":{"_et_pb_use_builder":"on","_et_pb_old_content":"","_et_gb_content_width":"","footnotes":""},"class_list":["post-1056","page","type-page","status-publish","hentry"],"yoast_head":"<!-- This site is optimized with the Yoast SEO plugin v27.1.1 - https:\/\/yoast.com\/product\/yoast-seo-wordpress\/ -->\n<title>Conditions G\u00e9n\u00e9rales - Duperrex Fr\u00e8res SA<\/title>\n<meta name=\"description\" content=\"General conditions of Duperrex Fr\u00e8res services\" \/>\n<meta name=\"robots\" content=\"index, follow, max-snippet:-1, max-image-preview:large, max-video-preview:-1\" \/>\n<link rel=\"canonical\" href=\"https:\/\/www.duperrex.ch\/en\/conditions-generales\/\" \/>\n<meta property=\"og:locale\" content=\"en_US\" \/>\n<meta property=\"og:type\" content=\"article\" \/>\n<meta property=\"og:title\" content=\"Conditions G\u00e9n\u00e9rales - Duperrex Fr\u00e8res SA\" \/>\n<meta property=\"og:description\" content=\"General conditions of Duperrex Fr\u00e8res services\" \/>\n<meta property=\"og:url\" content=\"https:\/\/www.duperrex.ch\/en\/conditions-generales\/\" \/>\n<meta property=\"og:site_name\" content=\"Duperrex Fr\u00e8res SA\" \/>\n<meta property=\"article:publisher\" content=\"https:\/\/www.facebook.com\/Duperrex-Frres-Taxi-Meubles-408761332652693\/\" \/>\n<meta property=\"article:modified_time\" content=\"2023-04-20T10:32:56+00:00\" \/>\n<meta name=\"twitter:card\" content=\"summary_large_image\" \/>\n<meta name=\"twitter:label1\" content=\"Est. reading time\" \/>\n\t<meta name=\"twitter:data1\" content=\"23 minutes\" \/>\n<script type=\"application\/ld+json\" class=\"yoast-schema-graph\">{\"@context\":\"https:\/\/schema.org\",\"@graph\":[{\"@type\":\"WebPage\",\"@id\":\"https:\/\/www.duperrex.ch\/en\/conditions-generales\/\",\"url\":\"https:\/\/www.duperrex.ch\/en\/conditions-generales\/\",\"name\":\"Conditions G\u00e9n\u00e9rales - Duperrex Fr\u00e8res SA\",\"isPartOf\":{\"@id\":\"https:\/\/www.duperrex.ch\/fr\/#website\"},\"datePublished\":\"2022-10-19T09:21:42+00:00\",\"dateModified\":\"2023-04-20T10:32:56+00:00\",\"description\":\"General conditions of Duperrex Fr\u00e8res services\",\"breadcrumb\":{\"@id\":\"https:\/\/www.duperrex.ch\/en\/conditions-generales\/#breadcrumb\"},\"inLanguage\":\"en-US\",\"potentialAction\":[{\"@type\":\"ReadAction\",\"target\":[\"https:\/\/www.duperrex.ch\/en\/conditions-generales\/\"]}]},{\"@type\":\"BreadcrumbList\",\"@id\":\"https:\/\/www.duperrex.ch\/en\/conditions-generales\/#breadcrumb\",\"itemListElement\":[{\"@type\":\"ListItem\",\"position\":1,\"name\":\"Accueil\",\"item\":\"https:\/\/www.duperrex.ch\/en\/\"},{\"@type\":\"ListItem\",\"position\":2,\"name\":\"Conditions G\u00e9n\u00e9rales\"}]},{\"@type\":\"WebSite\",\"@id\":\"https:\/\/www.duperrex.ch\/fr\/#website\",\"url\":\"https:\/\/www.duperrex.ch\/fr\/\",\"name\":\"Duperrex Fr\u00e8res SA\",\"description\":\"Swiss logistics\",\"publisher\":{\"@id\":\"https:\/\/www.duperrex.ch\/fr\/#organization\"},\"potentialAction\":[{\"@type\":\"SearchAction\",\"target\":{\"@type\":\"EntryPoint\",\"urlTemplate\":\"https:\/\/www.duperrex.ch\/fr\/?s={search_term_string}\"},\"query-input\":{\"@type\":\"PropertyValueSpecification\",\"valueRequired\":true,\"valueName\":\"search_term_string\"}}],\"inLanguage\":\"en-US\"},{\"@type\":\"Organization\",\"@id\":\"https:\/\/www.duperrex.ch\/fr\/#organization\",\"name\":\"Taxi Meubles SA\",\"url\":\"https:\/\/www.duperrex.ch\/fr\/\",\"logo\":{\"@type\":\"ImageObject\",\"inLanguage\":\"en-US\",\"@id\":\"https:\/\/www.duperrex.ch\/fr\/#\/schema\/logo\/image\/\",\"url\":\"https:\/\/www.duperrex.ch\/wp-content\/uploads\/2022\/10\/taxi-meubles-logo-600.png\",\"contentUrl\":\"https:\/\/www.duperrex.ch\/wp-content\/uploads\/2022\/10\/taxi-meubles-logo-600.png\",\"width\":596,\"height\":131,\"caption\":\"Taxi Meubles SA\"},\"image\":{\"@id\":\"https:\/\/www.duperrex.ch\/fr\/#\/schema\/logo\/image\/\"},\"sameAs\":[\"https:\/\/www.facebook.com\/Duperrex-Frres-Taxi-Meubles-408761332652693\/\",\"https:\/\/www.linkedin.com\/company\/11111557\/\"]}]}<\/script>\n<!-- \/ Yoast SEO plugin. -->","yoast_head_json":{"title":"Conditions G\u00e9n\u00e9rales - Duperrex Fr\u00e8res SA","description":"General conditions of Duperrex Fr\u00e8res services","robots":{"index":"index","follow":"follow","max-snippet":"max-snippet:-1","max-image-preview":"max-image-preview:large","max-video-preview":"max-video-preview:-1"},"canonical":"https:\/\/www.duperrex.ch\/en\/conditions-generales\/","og_locale":"en_US","og_type":"article","og_title":"Conditions G\u00e9n\u00e9rales - Duperrex Fr\u00e8res SA","og_description":"General conditions of Duperrex Fr\u00e8res services","og_url":"https:\/\/www.duperrex.ch\/en\/conditions-generales\/","og_site_name":"Duperrex Fr\u00e8res SA","article_publisher":"https:\/\/www.facebook.com\/Duperrex-Frres-Taxi-Meubles-408761332652693\/","article_modified_time":"2023-04-20T10:32:56+00:00","twitter_card":"summary_large_image","twitter_misc":{"Est. reading time":"23 minutes"},"schema":{"@context":"https:\/\/schema.org","@graph":[{"@type":"WebPage","@id":"https:\/\/www.duperrex.ch\/en\/conditions-generales\/","url":"https:\/\/www.duperrex.ch\/en\/conditions-generales\/","name":"Conditions G\u00e9n\u00e9rales - Duperrex Fr\u00e8res SA","isPartOf":{"@id":"https:\/\/www.duperrex.ch\/fr\/#website"},"datePublished":"2022-10-19T09:21:42+00:00","dateModified":"2023-04-20T10:32:56+00:00","description":"General conditions of Duperrex Fr\u00e8res services","breadcrumb":{"@id":"https:\/\/www.duperrex.ch\/en\/conditions-generales\/#breadcrumb"},"inLanguage":"en-US","potentialAction":[{"@type":"ReadAction","target":["https:\/\/www.duperrex.ch\/en\/conditions-generales\/"]}]},{"@type":"BreadcrumbList","@id":"https:\/\/www.duperrex.ch\/en\/conditions-generales\/#breadcrumb","itemListElement":[{"@type":"ListItem","position":1,"name":"Accueil","item":"https:\/\/www.duperrex.ch\/en\/"},{"@type":"ListItem","position":2,"name":"Conditions G\u00e9n\u00e9rales"}]},{"@type":"WebSite","@id":"https:\/\/www.duperrex.ch\/fr\/#website","url":"https:\/\/www.duperrex.ch\/fr\/","name":"Duperrex Fr\u00e8res SA","description":"Swiss logistics","publisher":{"@id":"https:\/\/www.duperrex.ch\/fr\/#organization"},"potentialAction":[{"@type":"SearchAction","target":{"@type":"EntryPoint","urlTemplate":"https:\/\/www.duperrex.ch\/fr\/?s={search_term_string}"},"query-input":{"@type":"PropertyValueSpecification","valueRequired":true,"valueName":"search_term_string"}}],"inLanguage":"en-US"},{"@type":"Organization","@id":"https:\/\/www.duperrex.ch\/fr\/#organization","name":"Taxi Meubles SA","url":"https:\/\/www.duperrex.ch\/fr\/","logo":{"@type":"ImageObject","inLanguage":"en-US","@id":"https:\/\/www.duperrex.ch\/fr\/#\/schema\/logo\/image\/","url":"https:\/\/www.duperrex.ch\/wp-content\/uploads\/2022\/10\/taxi-meubles-logo-600.png","contentUrl":"https:\/\/www.duperrex.ch\/wp-content\/uploads\/2022\/10\/taxi-meubles-logo-600.png","width":596,"height":131,"caption":"Taxi Meubles SA"},"image":{"@id":"https:\/\/www.duperrex.ch\/fr\/#\/schema\/logo\/image\/"},"sameAs":["https:\/\/www.facebook.com\/Duperrex-Frres-Taxi-Meubles-408761332652693\/","https:\/\/www.linkedin.com\/company\/11111557\/"]}]}},"_links":{"self":[{"href":"https:\/\/www.duperrex.ch\/en\/wp-json\/wp\/v2\/pages\/1056","targetHints":{"allow":["GET"]}}],"collection":[{"href":"https:\/\/www.duperrex.ch\/en\/wp-json\/wp\/v2\/pages"}],"about":[{"href":"https:\/\/www.duperrex.ch\/en\/wp-json\/wp\/v2\/types\/page"}],"author":[{"embeddable":true,"href":"https:\/\/www.duperrex.ch\/en\/wp-json\/wp\/v2\/users\/4"}],"replies":[{"embeddable":true,"href":"https:\/\/www.duperrex.ch\/en\/wp-json\/wp\/v2\/comments?post=1056"}],"version-history":[{"count":9,"href":"https:\/\/www.duperrex.ch\/en\/wp-json\/wp\/v2\/pages\/1056\/revisions"}],"predecessor-version":[{"id":1942,"href":"https:\/\/www.duperrex.ch\/en\/wp-json\/wp\/v2\/pages\/1056\/revisions\/1942"}],"wp:attachment":[{"href":"https:\/\/www.duperrex.ch\/en\/wp-json\/wp\/v2\/media?parent=1056"}],"curies":[{"name":"wp","href":"https:\/\/api.w.org\/{rel}","templated":true}]}}