{"id":104,"date":"2022-10-19T13:02:04","date_gmt":"2022-10-19T11:02:04","guid":{"rendered":"https:\/\/www.duperrex.ch\/?page_id=104"},"modified":"2025-01-20T15:08:00","modified_gmt":"2025-01-20T14:08:00","slug":"logistique-meubles","status":"publish","type":"page","link":"https:\/\/www.duperrex.ch\/fr\/logistique-meubles\/","title":{"rendered":"Logistique meubles"},"content":{"rendered":"<p>[et_pb_section fb_built=\u00a0\u00bb1&Prime; _builder_version=\u00a0\u00bb4.20.2&Prime; _module_preset=\u00a0\u00bbdefault\u00a0\u00bb min_height=\u00a0\u00bb378px\u00a0\u00bb custom_margin=\u00a0\u00bb109px|||||\u00a0\u00bb custom_padding=\u00a0\u00bb5px||2px|||\u00a0\u00bb global_colors_info=\u00a0\u00bb{}\u00a0\u00bb][et_pb_row _builder_version=\u00a0\u00bb4.18.0&Prime; _module_preset=\u00a0\u00bbdefault\u00a0\u00bb custom_padding=\u00a0\u00bb6px|||||\u00a0\u00bb global_colors_info=\u00a0\u00bb{}\u00a0\u00bb][et_pb_column type=\u00a0\u00bb4_4&Prime; _builder_version=\u00a0\u00bb4.18.0&Prime; _module_preset=\u00a0\u00bbdefault\u00a0\u00bb global_colors_info=\u00a0\u00bb{}\u00a0\u00bb][et_pb_text _builder_version=\u00a0\u00bb4.27.4&Prime; _module_preset=\u00a0\u00bbdefault\u00a0\u00bb global_colors_info=\u00a0\u00bb{}\u00a0\u00bb]<\/p>\n<h1 style=\"text-align: center;\">Logistique Meubles du dernier kilom\u00e8tre<\/h1>\n<p>[\/et_pb_text][et_pb_text _builder_version=\u00a0\u00bb4.27.4&Prime; _module_preset=\u00a0\u00bbdefault\u00a0\u00bb width=\u00a0\u00bb100%\u00a0\u00bb module_alignment=\u00a0\u00bbcenter\u00a0\u00bb min_height=\u00a0\u00bb196.4px\u00a0\u00bb custom_margin=\u00a0\u00bb1px|||||\u00a0\u00bb global_colors_info=\u00a0\u00bb{}\u00a0\u00bb]<\/p>\n<h3 style=\"text-align: left;\">Une solution logistique compl\u00e8te et technologique<\/h3>\n<p>Notre service de <strong>logistique meubles du dernier kilom\u00e8tre<\/strong> en Suisse romande, vous offre une gestion compl\u00e8te et personnalis\u00e9e. Gr\u00e2ce \u00e0 nos <strong>outils technologiques performants<\/strong>, nous garantissons un suivi pr\u00e9cis et une transparence totale \u00e0 chaque \u00e9tape.<\/p>\n<p><strong>Un r\u00e9seau logistique couvrant toute la Suisse romande<\/strong><br \/>Nous couvrons quotidiennement toutes les r\u00e9gions des cantons de Vaud, Gen\u00e8ve, Valais, Fribourg et Neuch\u00e2tel. Ce maillage logistique dense nous permet de garantir une r\u00e9activit\u00e9 optimale et un service fiable pour tous vos besoins de livraison et de montage.<\/p>\n<h3>Une gestion optimis\u00e9e de votre stock<\/h3>\n<ul>\n<li><strong>R\u00e9ception et contr\u00f4le qualit\u00e9<\/strong> : D\u00e8s l\u2019arriv\u00e9e de vos meubles dans nos d\u00e9p\u00f4ts en Suisse romande, nous proc\u00e9dons \u00e0 un contr\u00f4le rigoureux de la marchandise et vous informons imm\u00e9diatement de toute anomalie.<\/li>\n<li><strong>Consolidation des commandes<\/strong> : Nous regroupons et v\u00e9rifions chaque commande pour garantir leur <strong>compl\u00e9tude<\/strong> avant livraison. Vous \u00eates tenu inform\u00e9 <strong>en temps r\u00e9el<\/strong> de l\u2019\u00e9tat de votre stock via notre espace client s\u00e9curis\u00e9.<\/li>\n<\/ul>\n<h3>Une logistique ma\u00eetris\u00e9e<\/h3>\n<ul>\n<li><strong>Prise de rendez-vous<\/strong> : D\u00e8s r\u00e9ception de votre ordre de livraison, nous contactons vos clients pour planifier la livraison dans toute la Suisse.<\/li>\n<li><strong>Livraison et installation<\/strong> : Nous livrons les meubles dans la pi\u00e8ce choisie par votre client et r\u00e9alisons leur <strong>assemblage<\/strong> avec soin et professionnalisme.<\/li>\n<li><strong>Encaissement et service apr\u00e8s-vente<\/strong> : En option, nous pouvons \u00e9galement g\u00e9rer l\u2019encaissement ainsi que le suivi du <strong>service apr\u00e8s-vente<\/strong> pour offrir une exp\u00e9rience fluide et compl\u00e8te.<\/li>\n<\/ul>\n<h3>Des technologies modernes pour une logistique de pointe<\/h3>\n<p>Notre <strong>syst\u00e8me de tracking en temps r\u00e9el<\/strong> vous donne un acc\u00e8s direct et continu aux mouvements de votre stock. Tout est centralis\u00e9 dans notre <strong>espace client digitalis\u00e9<\/strong>. Ces technologies avanc\u00e9es assurent une gestion pr\u00e9cise et r\u00e9active. Elles renforcent la satisfaction de vos clients tout en optimisant vos op\u00e9rations logistiques.<\/p>\n<h3>Des livraisons en v\u00e9hicules \u00e9lectriques<\/h3>\n<p>Nous disposons d\u2019une flotte de v\u00e9hicules \u00e9lectriques, nous permettant d\u2019effectuer des livraisons sans \u00e9missions de CO2 en Suissr romande. De jour, nos stations de recharges sont aliment\u00e9es directement par l&rsquo;\u00e9nergie solaire. Ce choix \u00e9coresponsable refl\u00e8te <a href=\"https:\/\/www.duperrex.ch\/fr\/a-propos\/#team\" target=\"_blank\" rel=\"noopener\">nos valeur et nos engagements environnementaux.<\/a> Optez pour une logistique durable et r\u00e9pondez aux attentes de vos clients tout en contribuant \u00e0 un avenir plus vert.<\/p>\n<h3>D\u00e9couvrez nos services en action<\/h3>\n<p>Envie de mieux comprendre la qualit\u00e9 de nos prestations ? Consultez <a href=\"https:\/\/www.duperrex.ch\/fr\/videos\/\" target=\"_blank\" rel=\"noopener\">nos vid\u00e9os<\/a> pour d\u00e9couvrir nos services en logistique du dernier kilom\u00e8tre. Vous y verrez des exemples concrets de livraisons et de montages de meubles r\u00e9alis\u00e9s avec soin par nos \u00e9quipes professionnelles. Ces d\u00e9monstrations refl\u00e8tent notre engagement \u00e0 offrir un service irr\u00e9prochable \u00e0 vos clients.<\/p>\n<p>[\/et_pb_text][et_pb_gallery gallery_ids=\u00a0\u00bb2206,2198,1590,2200&Prime; _builder_version=\u00a0\u00bb4.27.4&Prime; _module_preset=\u00a0\u00bbdefault\u00a0\u00bb global_colors_info=\u00a0\u00bb{}\u00a0\u00bb][\/et_pb_gallery][et_pb_button button_url=\u00a0\u00bbhttps:\/\/www.duperrex.ch\/contact\u00a0\u00bb button_text=\u00a0\u00bbNous contacter\u00a0\u00bb button_alignment=\u00a0\u00bbcenter\u00a0\u00bb _builder_version=\u00a0\u00bb4.19.4&Prime; _module_preset=\u00a0\u00bbdefault\u00a0\u00bb custom_button=\u00a0\u00bbon\u00a0\u00bb button_border_color=\u00a0\u00bb#C42815&Prime; button_use_icon=\u00a0\u00bboff\u00a0\u00bb custom_margin=\u00a0\u00bb50px||20px||false|false\u00a0\u00bb global_colors_info=\u00a0\u00bb{}\u00a0\u00bb][\/et_pb_button][\/et_pb_column][\/et_pb_row][\/et_pb_section]<\/p>\n","protected":false},"excerpt":{"rendered":"<p>Logistique Meubles du dernier kilom\u00e8treUne solution logistique compl\u00e8te et technologique Notre service de logistique meubles du dernier kilom\u00e8tre en Suisse romande, vous offre une gestion compl\u00e8te et personnalis\u00e9e. Gr\u00e2ce \u00e0 nos outils technologiques performants, nous garantissons un suivi pr\u00e9cis et une transparence totale \u00e0 chaque \u00e9tape. Un r\u00e9seau logistique couvrant toute la Suisse romandeNous couvrons [&hellip;]<\/p>\n","protected":false},"author":4,"featured_media":0,"parent":0,"menu_order":0,"comment_status":"closed","ping_status":"closed","template":"","meta":{"_et_pb_use_builder":"on","_et_pb_old_content":"","_et_gb_content_width":"","footnotes":""},"class_list":["post-104","page","type-page","status-publish","hentry"],"yoast_head":"<!-- This site is optimized with the Yoast SEO plugin v27.1.1 - https:\/\/yoast.com\/product\/yoast-seo-wordpress\/ -->\n<title>Logistique meubles du dernier kilom\u00e8tre en Suisse romande<\/title>\n<meta name=\"description\" content=\"Logistique meubles du dernier kilom\u00e8tre. Livraison et montage de meubles, V\u00e9hicules \u00e9lectriques. Une solution durable pour vos clients.\" \/>\n<meta name=\"robots\" content=\"index, follow, max-snippet:-1, max-image-preview:large, max-video-preview:-1\" \/>\n<link rel=\"canonical\" href=\"https:\/\/www.duperrex.ch\/fr\/logistique-meubles\/\" \/>\n<meta property=\"og:locale\" content=\"fr_FR\" \/>\n<meta property=\"og:type\" content=\"article\" \/>\n<meta property=\"og:title\" content=\"Logistique meubles du dernier kilom\u00e8tre en Suisse romande\" \/>\n<meta property=\"og:description\" content=\"Logistique meubles du dernier kilom\u00e8tre. Livraison et montage de meubles, V\u00e9hicules \u00e9lectriques. Une solution durable pour vos clients.\" \/>\n<meta property=\"og:url\" content=\"https:\/\/www.duperrex.ch\/fr\/logistique-meubles\/\" \/>\n<meta property=\"og:site_name\" content=\"Duperrex Fr\u00e8res SA\" \/>\n<meta property=\"article:publisher\" content=\"https:\/\/www.facebook.com\/Duperrex-Frres-Taxi-Meubles-408761332652693\/\" \/>\n<meta property=\"article:modified_time\" content=\"2025-01-20T14:08:00+00:00\" \/>\n<meta name=\"twitter:card\" content=\"summary_large_image\" \/>\n<meta name=\"twitter:label1\" content=\"Dur\u00e9e de lecture estim\u00e9e\" \/>\n\t<meta name=\"twitter:data1\" content=\"3 minutes\" \/>\n<script type=\"application\/ld+json\" class=\"yoast-schema-graph\">{\"@context\":\"https:\/\/schema.org\",\"@graph\":[{\"@type\":\"WebPage\",\"@id\":\"https:\/\/www.duperrex.ch\/fr\/logistique-meubles\/\",\"url\":\"https:\/\/www.duperrex.ch\/fr\/logistique-meubles\/\",\"name\":\"Logistique meubles du dernier kilom\u00e8tre en Suisse romande\",\"isPartOf\":{\"@id\":\"https:\/\/www.duperrex.ch\/fr\/#website\"},\"datePublished\":\"2022-10-19T11:02:04+00:00\",\"dateModified\":\"2025-01-20T14:08:00+00:00\",\"description\":\"Logistique meubles du dernier kilom\u00e8tre. Livraison et montage de meubles, V\u00e9hicules \u00e9lectriques. Une solution durable pour vos clients.\",\"breadcrumb\":{\"@id\":\"https:\/\/www.duperrex.ch\/fr\/logistique-meubles\/#breadcrumb\"},\"inLanguage\":\"fr-FR\",\"potentialAction\":[{\"@type\":\"ReadAction\",\"target\":[\"https:\/\/www.duperrex.ch\/fr\/logistique-meubles\/\"]}]},{\"@type\":\"BreadcrumbList\",\"@id\":\"https:\/\/www.duperrex.ch\/fr\/logistique-meubles\/#breadcrumb\",\"itemListElement\":[{\"@type\":\"ListItem\",\"position\":1,\"name\":\"Accueil\",\"item\":\"https:\/\/www.duperrex.ch\/fr\/\"},{\"@type\":\"ListItem\",\"position\":2,\"name\":\"Logistique meubles\"}]},{\"@type\":\"WebSite\",\"@id\":\"https:\/\/www.duperrex.ch\/fr\/#website\",\"url\":\"https:\/\/www.duperrex.ch\/fr\/\",\"name\":\"Duperrex Fr\u00e8res SA\",\"description\":\"Swiss logistics\",\"publisher\":{\"@id\":\"https:\/\/www.duperrex.ch\/fr\/#organization\"},\"potentialAction\":[{\"@type\":\"SearchAction\",\"target\":{\"@type\":\"EntryPoint\",\"urlTemplate\":\"https:\/\/www.duperrex.ch\/fr\/?s={search_term_string}\"},\"query-input\":{\"@type\":\"PropertyValueSpecification\",\"valueRequired\":true,\"valueName\":\"search_term_string\"}}],\"inLanguage\":\"fr-FR\"},{\"@type\":\"Organization\",\"@id\":\"https:\/\/www.duperrex.ch\/fr\/#organization\",\"name\":\"Taxi Meubles SA\",\"url\":\"https:\/\/www.duperrex.ch\/fr\/\",\"logo\":{\"@type\":\"ImageObject\",\"inLanguage\":\"fr-FR\",\"@id\":\"https:\/\/www.duperrex.ch\/fr\/#\/schema\/logo\/image\/\",\"url\":\"https:\/\/www.duperrex.ch\/wp-content\/uploads\/2022\/10\/taxi-meubles-logo-600.png\",\"contentUrl\":\"https:\/\/www.duperrex.ch\/wp-content\/uploads\/2022\/10\/taxi-meubles-logo-600.png\",\"width\":596,\"height\":131,\"caption\":\"Taxi Meubles SA\"},\"image\":{\"@id\":\"https:\/\/www.duperrex.ch\/fr\/#\/schema\/logo\/image\/\"},\"sameAs\":[\"https:\/\/www.facebook.com\/Duperrex-Frres-Taxi-Meubles-408761332652693\/\",\"https:\/\/www.linkedin.com\/company\/11111557\/\"]}]}<\/script>\n<!-- \/ Yoast SEO plugin. -->","yoast_head_json":{"title":"Logistique meubles du dernier kilom\u00e8tre en Suisse romande","description":"Logistique meubles du dernier kilom\u00e8tre. Livraison et montage de meubles, V\u00e9hicules \u00e9lectriques. Une solution durable pour vos clients.","robots":{"index":"index","follow":"follow","max-snippet":"max-snippet:-1","max-image-preview":"max-image-preview:large","max-video-preview":"max-video-preview:-1"},"canonical":"https:\/\/www.duperrex.ch\/fr\/logistique-meubles\/","og_locale":"fr_FR","og_type":"article","og_title":"Logistique meubles du dernier kilom\u00e8tre en Suisse romande","og_description":"Logistique meubles du dernier kilom\u00e8tre. Livraison et montage de meubles, V\u00e9hicules \u00e9lectriques. Une solution durable pour vos clients.","og_url":"https:\/\/www.duperrex.ch\/fr\/logistique-meubles\/","og_site_name":"Duperrex Fr\u00e8res SA","article_publisher":"https:\/\/www.facebook.com\/Duperrex-Frres-Taxi-Meubles-408761332652693\/","article_modified_time":"2025-01-20T14:08:00+00:00","twitter_card":"summary_large_image","twitter_misc":{"Dur\u00e9e de lecture estim\u00e9e":"3 minutes"},"schema":{"@context":"https:\/\/schema.org","@graph":[{"@type":"WebPage","@id":"https:\/\/www.duperrex.ch\/fr\/logistique-meubles\/","url":"https:\/\/www.duperrex.ch\/fr\/logistique-meubles\/","name":"Logistique meubles du dernier kilom\u00e8tre en Suisse romande","isPartOf":{"@id":"https:\/\/www.duperrex.ch\/fr\/#website"},"datePublished":"2022-10-19T11:02:04+00:00","dateModified":"2025-01-20T14:08:00+00:00","description":"Logistique meubles du dernier kilom\u00e8tre. Livraison et montage de meubles, V\u00e9hicules \u00e9lectriques. Une solution durable pour vos clients.","breadcrumb":{"@id":"https:\/\/www.duperrex.ch\/fr\/logistique-meubles\/#breadcrumb"},"inLanguage":"fr-FR","potentialAction":[{"@type":"ReadAction","target":["https:\/\/www.duperrex.ch\/fr\/logistique-meubles\/"]}]},{"@type":"BreadcrumbList","@id":"https:\/\/www.duperrex.ch\/fr\/logistique-meubles\/#breadcrumb","itemListElement":[{"@type":"ListItem","position":1,"name":"Accueil","item":"https:\/\/www.duperrex.ch\/fr\/"},{"@type":"ListItem","position":2,"name":"Logistique meubles"}]},{"@type":"WebSite","@id":"https:\/\/www.duperrex.ch\/fr\/#website","url":"https:\/\/www.duperrex.ch\/fr\/","name":"Duperrex Fr\u00e8res SA","description":"Swiss logistics","publisher":{"@id":"https:\/\/www.duperrex.ch\/fr\/#organization"},"potentialAction":[{"@type":"SearchAction","target":{"@type":"EntryPoint","urlTemplate":"https:\/\/www.duperrex.ch\/fr\/?s={search_term_string}"},"query-input":{"@type":"PropertyValueSpecification","valueRequired":true,"valueName":"search_term_string"}}],"inLanguage":"fr-FR"},{"@type":"Organization","@id":"https:\/\/www.duperrex.ch\/fr\/#organization","name":"Taxi Meubles SA","url":"https:\/\/www.duperrex.ch\/fr\/","logo":{"@type":"ImageObject","inLanguage":"fr-FR","@id":"https:\/\/www.duperrex.ch\/fr\/#\/schema\/logo\/image\/","url":"https:\/\/www.duperrex.ch\/wp-content\/uploads\/2022\/10\/taxi-meubles-logo-600.png","contentUrl":"https:\/\/www.duperrex.ch\/wp-content\/uploads\/2022\/10\/taxi-meubles-logo-600.png","width":596,"height":131,"caption":"Taxi Meubles SA"},"image":{"@id":"https:\/\/www.duperrex.ch\/fr\/#\/schema\/logo\/image\/"},"sameAs":["https:\/\/www.facebook.com\/Duperrex-Frres-Taxi-Meubles-408761332652693\/","https:\/\/www.linkedin.com\/company\/11111557\/"]}]}},"_links":{"self":[{"href":"https:\/\/www.duperrex.ch\/fr\/wp-json\/wp\/v2\/pages\/104","targetHints":{"allow":["GET"]}}],"collection":[{"href":"https:\/\/www.duperrex.ch\/fr\/wp-json\/wp\/v2\/pages"}],"about":[{"href":"https:\/\/www.duperrex.ch\/fr\/wp-json\/wp\/v2\/types\/page"}],"author":[{"embeddable":true,"href":"https:\/\/www.duperrex.ch\/fr\/wp-json\/wp\/v2\/users\/4"}],"replies":[{"embeddable":true,"href":"https:\/\/www.duperrex.ch\/fr\/wp-json\/wp\/v2\/comments?post=104"}],"version-history":[{"count":48,"href":"https:\/\/www.duperrex.ch\/fr\/wp-json\/wp\/v2\/pages\/104\/revisions"}],"predecessor-version":[{"id":2316,"href":"https:\/\/www.duperrex.ch\/fr\/wp-json\/wp\/v2\/pages\/104\/revisions\/2316"}],"wp:attachment":[{"href":"https:\/\/www.duperrex.ch\/fr\/wp-json\/wp\/v2\/media?parent=104"}],"curies":[{"name":"wp","href":"https:\/\/api.w.org\/{rel}","templated":true}]}}