{"id":1086,"date":"2022-12-19T12:27:07","date_gmt":"2022-12-19T11:27:07","guid":{"rendered":"https:\/\/www.duperrex.ch\/?page_id=1086"},"modified":"2025-03-07T09:28:08","modified_gmt":"2025-03-07T08:28:08","slug":"album","status":"publish","type":"page","link":"https:\/\/www.duperrex.ch\/fr\/album\/","title":{"rendered":"Album"},"content":{"rendered":"<p>[et_pb_section fb_built=\u00a0\u00bb1&Prime; _builder_version=\u00a0\u00bb4.18.0&Prime; _module_preset=\u00a0\u00bbdefault\u00a0\u00bb global_colors_info=\u00a0\u00bb{}\u00a0\u00bb][et_pb_row _builder_version=\u00a0\u00bb4.18.0&Prime; _module_preset=\u00a0\u00bbdefault\u00a0\u00bb global_colors_info=\u00a0\u00bb{}\u00a0\u00bb][et_pb_column type=\u00a0\u00bb4_4&Prime; _builder_version=\u00a0\u00bb4.18.0&Prime; _module_preset=\u00a0\u00bbdefault\u00a0\u00bb global_colors_info=\u00a0\u00bb{}\u00a0\u00bb][et_pb_text _builder_version=\u00a0\u00bb4.27.2&Prime; _module_preset=\u00a0\u00bbdefault\u00a0\u00bb header_text_color=\u00a0\u00bb#C42815&Prime; global_colors_info=\u00a0\u00bb{}\u00a0\u00bb]<\/p>\n<h1 style=\"text-align: center;\">Album photos: 60 ans en image<\/h1>\n<p>[\/et_pb_text][et_pb_text _builder_version=\u00a0\u00bb4.19.4&Prime; _module_preset=\u00a0\u00bbdefault\u00a0\u00bb global_colors_info=\u00a0\u00bb{}\u00a0\u00bb]<\/p>\n<p style=\"text-align: center;\">D\u00e9couvrez une s\u00e9lection de photos capturant des moments marquants des <strong>60 derni\u00e8res ann\u00e9es<\/strong> de notre histoire. Ces images t\u00e9moignent de notre \u00e9volution, de nos r\u00e9alisations et des valeurs qui ont fa\u00e7onn\u00e9 <strong>Duperrex Fr\u00e8res SA<\/strong>.<\/p>\n<p style=\"text-align: center;\"><em>Cliquez sur la premi\u00e8re pour ouvrir le diaporama, ESC pour en sortir.<\/em><\/p>\n<p style=\"text-align: center;\">\n<p>[\/et_pb_text][et_pb_wpt_masonry_image_gallery image_ids=\u00a0\u00bb1022,1020,1018,1016,1014,1012,1010,1008,1006,1004,1002,1000,998,996,994,992,990,988,986,984,982,980,978,976,974,972,970,968,966,962,960,958,1699,1701,1703,1705,1707,1709,1711,1713,1716,2041,2043,2305,2303,2301,2295,2257&Prime; image_gallery_fs=\u00a0\u00bb1&Prime; gutter=\u00a0\u00bb15&Prime; _builder_version=\u00a0\u00bb4.27.4&Prime; _module_preset=\u00a0\u00bbdefault\u00a0\u00bb hover_enabled=\u00a0\u00bb0&Prime; global_colors_info=\u00a0\u00bb{}\u00a0\u00bb sticky_enabled=\u00a0\u00bb0&Prime;][\/et_pb_wpt_masonry_image_gallery][\/et_pb_column][\/et_pb_row][\/et_pb_section]<\/p>\n","protected":false},"excerpt":{"rendered":"<p>Album photos: 60 ans en imageD\u00e9couvrez une s\u00e9lection de photos capturant des moments marquants des 60 derni\u00e8res ann\u00e9es de notre histoire. Ces images t\u00e9moignent de notre \u00e9volution, de nos r\u00e9alisations et des valeurs qui ont fa\u00e7onn\u00e9 Duperrex Fr\u00e8res SA. Cliquez sur la premi\u00e8re pour ouvrir le diaporama, ESC pour en sortir.<\/p>\n","protected":false},"author":4,"featured_media":0,"parent":0,"menu_order":0,"comment_status":"closed","ping_status":"closed","template":"","meta":{"_et_pb_use_builder":"on","_et_pb_old_content":"","_et_gb_content_width":"","footnotes":""},"class_list":["post-1086","page","type-page","status-publish","hentry"],"yoast_head":"<!-- This site is optimized with the Yoast SEO plugin v27.1.1 - https:\/\/yoast.com\/product\/yoast-seo-wordpress\/ -->\n<title>Album - Duperrex Fr\u00e8res SA<\/title>\n<meta name=\"description\" content=\"Voici un album de quelques photos prises au cours des 50 derni\u00e8res ann\u00e9es.\" \/>\n<meta name=\"robots\" content=\"index, follow, max-snippet:-1, max-image-preview:large, max-video-preview:-1\" \/>\n<link rel=\"canonical\" href=\"https:\/\/www.duperrex.ch\/fr\/album\/\" \/>\n<meta property=\"og:locale\" content=\"fr_FR\" \/>\n<meta property=\"og:type\" content=\"article\" \/>\n<meta property=\"og:title\" content=\"Album - Duperrex Fr\u00e8res SA\" \/>\n<meta property=\"og:description\" content=\"Voici un album de quelques photos prises au cours des 50 derni\u00e8res ann\u00e9es.\" \/>\n<meta property=\"og:url\" content=\"https:\/\/www.duperrex.ch\/fr\/album\/\" \/>\n<meta property=\"og:site_name\" content=\"Duperrex Fr\u00e8res SA\" \/>\n<meta property=\"article:publisher\" content=\"https:\/\/www.facebook.com\/Duperrex-Frres-Taxi-Meubles-408761332652693\/\" \/>\n<meta property=\"article:modified_time\" content=\"2025-03-07T08:28:08+00:00\" \/>\n<meta name=\"twitter:card\" content=\"summary_large_image\" \/>\n<meta name=\"twitter:label1\" content=\"Dur\u00e9e de lecture estim\u00e9e\" \/>\n\t<meta name=\"twitter:data1\" content=\"1 minute\" \/>\n<script type=\"application\/ld+json\" class=\"yoast-schema-graph\">{\"@context\":\"https:\/\/schema.org\",\"@graph\":[{\"@type\":\"WebPage\",\"@id\":\"https:\/\/www.duperrex.ch\/fr\/album\/\",\"url\":\"https:\/\/www.duperrex.ch\/fr\/album\/\",\"name\":\"Album - Duperrex Fr\u00e8res SA\",\"isPartOf\":{\"@id\":\"https:\/\/www.duperrex.ch\/fr\/#website\"},\"datePublished\":\"2022-12-19T11:27:07+00:00\",\"dateModified\":\"2025-03-07T08:28:08+00:00\",\"description\":\"Voici un album de quelques photos prises au cours des 50 derni\u00e8res ann\u00e9es.\",\"breadcrumb\":{\"@id\":\"https:\/\/www.duperrex.ch\/fr\/album\/#breadcrumb\"},\"inLanguage\":\"fr-FR\",\"potentialAction\":[{\"@type\":\"ReadAction\",\"target\":[\"https:\/\/www.duperrex.ch\/fr\/album\/\"]}]},{\"@type\":\"BreadcrumbList\",\"@id\":\"https:\/\/www.duperrex.ch\/fr\/album\/#breadcrumb\",\"itemListElement\":[{\"@type\":\"ListItem\",\"position\":1,\"name\":\"Accueil\",\"item\":\"https:\/\/www.duperrex.ch\/fr\/\"},{\"@type\":\"ListItem\",\"position\":2,\"name\":\"Album\"}]},{\"@type\":\"WebSite\",\"@id\":\"https:\/\/www.duperrex.ch\/fr\/#website\",\"url\":\"https:\/\/www.duperrex.ch\/fr\/\",\"name\":\"Duperrex Fr\u00e8res SA\",\"description\":\"Swiss logistics\",\"publisher\":{\"@id\":\"https:\/\/www.duperrex.ch\/fr\/#organization\"},\"potentialAction\":[{\"@type\":\"SearchAction\",\"target\":{\"@type\":\"EntryPoint\",\"urlTemplate\":\"https:\/\/www.duperrex.ch\/fr\/?s={search_term_string}\"},\"query-input\":{\"@type\":\"PropertyValueSpecification\",\"valueRequired\":true,\"valueName\":\"search_term_string\"}}],\"inLanguage\":\"fr-FR\"},{\"@type\":\"Organization\",\"@id\":\"https:\/\/www.duperrex.ch\/fr\/#organization\",\"name\":\"Taxi Meubles SA\",\"url\":\"https:\/\/www.duperrex.ch\/fr\/\",\"logo\":{\"@type\":\"ImageObject\",\"inLanguage\":\"fr-FR\",\"@id\":\"https:\/\/www.duperrex.ch\/fr\/#\/schema\/logo\/image\/\",\"url\":\"https:\/\/www.duperrex.ch\/wp-content\/uploads\/2022\/10\/taxi-meubles-logo-600.png\",\"contentUrl\":\"https:\/\/www.duperrex.ch\/wp-content\/uploads\/2022\/10\/taxi-meubles-logo-600.png\",\"width\":596,\"height\":131,\"caption\":\"Taxi Meubles SA\"},\"image\":{\"@id\":\"https:\/\/www.duperrex.ch\/fr\/#\/schema\/logo\/image\/\"},\"sameAs\":[\"https:\/\/www.facebook.com\/Duperrex-Frres-Taxi-Meubles-408761332652693\/\",\"https:\/\/www.linkedin.com\/company\/11111557\/\"]}]}<\/script>\n<!-- \/ Yoast SEO plugin. -->","yoast_head_json":{"title":"Album - Duperrex Fr\u00e8res SA","description":"Voici un album de quelques photos prises au cours des 50 derni\u00e8res ann\u00e9es.","robots":{"index":"index","follow":"follow","max-snippet":"max-snippet:-1","max-image-preview":"max-image-preview:large","max-video-preview":"max-video-preview:-1"},"canonical":"https:\/\/www.duperrex.ch\/fr\/album\/","og_locale":"fr_FR","og_type":"article","og_title":"Album - Duperrex Fr\u00e8res SA","og_description":"Voici un album de quelques photos prises au cours des 50 derni\u00e8res ann\u00e9es.","og_url":"https:\/\/www.duperrex.ch\/fr\/album\/","og_site_name":"Duperrex Fr\u00e8res SA","article_publisher":"https:\/\/www.facebook.com\/Duperrex-Frres-Taxi-Meubles-408761332652693\/","article_modified_time":"2025-03-07T08:28:08+00:00","twitter_card":"summary_large_image","twitter_misc":{"Dur\u00e9e de lecture estim\u00e9e":"1 minute"},"schema":{"@context":"https:\/\/schema.org","@graph":[{"@type":"WebPage","@id":"https:\/\/www.duperrex.ch\/fr\/album\/","url":"https:\/\/www.duperrex.ch\/fr\/album\/","name":"Album - Duperrex Fr\u00e8res SA","isPartOf":{"@id":"https:\/\/www.duperrex.ch\/fr\/#website"},"datePublished":"2022-12-19T11:27:07+00:00","dateModified":"2025-03-07T08:28:08+00:00","description":"Voici un album de quelques photos prises au cours des 50 derni\u00e8res ann\u00e9es.","breadcrumb":{"@id":"https:\/\/www.duperrex.ch\/fr\/album\/#breadcrumb"},"inLanguage":"fr-FR","potentialAction":[{"@type":"ReadAction","target":["https:\/\/www.duperrex.ch\/fr\/album\/"]}]},{"@type":"BreadcrumbList","@id":"https:\/\/www.duperrex.ch\/fr\/album\/#breadcrumb","itemListElement":[{"@type":"ListItem","position":1,"name":"Accueil","item":"https:\/\/www.duperrex.ch\/fr\/"},{"@type":"ListItem","position":2,"name":"Album"}]},{"@type":"WebSite","@id":"https:\/\/www.duperrex.ch\/fr\/#website","url":"https:\/\/www.duperrex.ch\/fr\/","name":"Duperrex Fr\u00e8res SA","description":"Swiss logistics","publisher":{"@id":"https:\/\/www.duperrex.ch\/fr\/#organization"},"potentialAction":[{"@type":"SearchAction","target":{"@type":"EntryPoint","urlTemplate":"https:\/\/www.duperrex.ch\/fr\/?s={search_term_string}"},"query-input":{"@type":"PropertyValueSpecification","valueRequired":true,"valueName":"search_term_string"}}],"inLanguage":"fr-FR"},{"@type":"Organization","@id":"https:\/\/www.duperrex.ch\/fr\/#organization","name":"Taxi Meubles SA","url":"https:\/\/www.duperrex.ch\/fr\/","logo":{"@type":"ImageObject","inLanguage":"fr-FR","@id":"https:\/\/www.duperrex.ch\/fr\/#\/schema\/logo\/image\/","url":"https:\/\/www.duperrex.ch\/wp-content\/uploads\/2022\/10\/taxi-meubles-logo-600.png","contentUrl":"https:\/\/www.duperrex.ch\/wp-content\/uploads\/2022\/10\/taxi-meubles-logo-600.png","width":596,"height":131,"caption":"Taxi Meubles SA"},"image":{"@id":"https:\/\/www.duperrex.ch\/fr\/#\/schema\/logo\/image\/"},"sameAs":["https:\/\/www.facebook.com\/Duperrex-Frres-Taxi-Meubles-408761332652693\/","https:\/\/www.linkedin.com\/company\/11111557\/"]}]}},"_links":{"self":[{"href":"https:\/\/www.duperrex.ch\/fr\/wp-json\/wp\/v2\/pages\/1086","targetHints":{"allow":["GET"]}}],"collection":[{"href":"https:\/\/www.duperrex.ch\/fr\/wp-json\/wp\/v2\/pages"}],"about":[{"href":"https:\/\/www.duperrex.ch\/fr\/wp-json\/wp\/v2\/types\/page"}],"author":[{"embeddable":true,"href":"https:\/\/www.duperrex.ch\/fr\/wp-json\/wp\/v2\/users\/4"}],"replies":[{"embeddable":true,"href":"https:\/\/www.duperrex.ch\/fr\/wp-json\/wp\/v2\/comments?post=1086"}],"version-history":[{"count":16,"href":"https:\/\/www.duperrex.ch\/fr\/wp-json\/wp\/v2\/pages\/1086\/revisions"}],"predecessor-version":[{"id":2323,"href":"https:\/\/www.duperrex.ch\/fr\/wp-json\/wp\/v2\/pages\/1086\/revisions\/2323"}],"wp:attachment":[{"href":"https:\/\/www.duperrex.ch\/fr\/wp-json\/wp\/v2\/media?parent=1086"}],"curies":[{"name":"wp","href":"https:\/\/api.w.org\/{rel}","templated":true}]}}