{"id":111,"date":"2022-10-19T13:10:13","date_gmt":"2022-10-19T11:10:13","guid":{"rendered":"https:\/\/www.duperrex.ch\/?page_id=111"},"modified":"2024-12-27T11:39:30","modified_gmt":"2024-12-27T10:39:30","slug":"transport-doeuvres-dart-et-antiquites","status":"publish","type":"page","link":"https:\/\/www.duperrex.ch\/fr\/transport-doeuvres-dart-et-antiquites\/","title":{"rendered":"Transport d&rsquo;oeuvres d&rsquo;art et antiquit\u00e9s"},"content":{"rendered":"<p>[et_pb_section fb_built=\u00a0\u00bb1&Prime; _builder_version=\u00a0\u00bb4.20.2&Prime; _module_preset=\u00a0\u00bbdefault\u00a0\u00bb background_enable_color=\u00a0\u00bboff\u00a0\u00bb background_image=\u00a0\u00bbhttps:\/\/www.duperrex.ch\/wp-content\/uploads\/2022\/12\/header-dfantiquites.webp\u00a0\u00bb background_size=\u00a0\u00bbstretch\u00a0\u00bb min_height=\u00a0\u00bb400px\u00a0\u00bb background_last_edited=\u00a0\u00bbon|phone\u00a0\u00bb background_image_phone=\u00a0\u00bbhttps:\/\/www.duperrex.ch\/wp-content\/uploads\/2023\/03\/Antiquites-pour-affichage-mobile.jpg\u00a0\u00bb background_enable_image_phone=\u00a0\u00bbon\u00a0\u00bb global_colors_info=\u00a0\u00bb{}\u00a0\u00bb][\/et_pb_section][et_pb_section fb_built=\u00a0\u00bb1&Prime; _builder_version=\u00a0\u00bb4.18.0&Prime; _module_preset=\u00a0\u00bbdefault\u00a0\u00bb width=\u00a0\u00bb100%\u00a0\u00bb custom_padding=\u00a0\u00bb8px|||||\u00a0\u00bb global_colors_info=\u00a0\u00bb{}\u00a0\u00bb][et_pb_row _builder_version=\u00a0\u00bb4.18.0&Prime; _module_preset=\u00a0\u00bbdefault\u00a0\u00bb custom_margin=\u00a0\u00bb100px||||false|false\u00a0\u00bb global_colors_info=\u00a0\u00bb{}\u00a0\u00bb][et_pb_column type=\u00a0\u00bb4_4&Prime; _builder_version=\u00a0\u00bb4.18.0&Prime; _module_preset=\u00a0\u00bbdefault\u00a0\u00bb global_colors_info=\u00a0\u00bb{}\u00a0\u00bb][et_pb_text _builder_version=\u00a0\u00bb4.20.2&Prime; _module_preset=\u00a0\u00bbdefault\u00a0\u00bb header_text_color=\u00a0\u00bb#FFFFFF\u00a0\u00bb global_colors_info=\u00a0\u00bb{}\u00a0\u00bb]<\/p>\n<h1 style=\"text-align: center;\"><span style=\"color: #000000;\">Transport d&rsquo;\u0153uvres d&rsquo;art et d&rsquo;antiquit\u00e9s<\/span><\/h1>\n<p>[\/et_pb_text][\/et_pb_column][\/et_pb_row][et_pb_row _builder_version=\u00a0\u00bb4.18.0&Prime; _module_preset=\u00a0\u00bbdefault\u00a0\u00bb global_colors_info=\u00a0\u00bb{}\u00a0\u00bb][et_pb_column type=\u00a0\u00bb4_4&Prime; _builder_version=\u00a0\u00bb4.18.0&Prime; _module_preset=\u00a0\u00bbdefault\u00a0\u00bb global_colors_info=\u00a0\u00bb{}\u00a0\u00bb][et_pb_text _builder_version=\u00a0\u00bb4.27.2&Prime; _module_preset=\u00a0\u00bbdefault\u00a0\u00bb width=\u00a0\u00bb80%\u00a0\u00bb module_alignment=\u00a0\u00bbcenter\u00a0\u00bb custom_padding=\u00a0\u00bb0px||0px|||\u00a0\u00bb hover_enabled=\u00a0\u00bb0&Prime; global_colors_info=\u00a0\u00bb{}\u00a0\u00bb sticky_enabled=\u00a0\u00bb0&Prime;]<\/p>\n<p>Confiez-nous le transport de vos <strong>\u0153uvres d\u2019art<\/strong> et <strong>antiquit\u00e9s<\/strong>, que ce soit sur le territoire <strong>national<\/strong> ou \u00e0 l\u2019<strong>international<\/strong>. Gr\u00e2ce \u00e0 notre expertise et au savoir-faire de notre soci\u00e9t\u00e9 s\u0153ur, <strong>Duperrex International Ltd<\/strong>, nous garantissons un service s\u00e9curis\u00e9 et sur mesure, adapt\u00e9 aux exigences de ces biens pr\u00e9cieux.<\/p>\n<p>[\/et_pb_text][et_pb_button button_url=\u00a0\u00bbhttps:\/\/www.duperrex.ch\/contact\/\u00a0\u00bb button_text=\u00a0\u00bbNous contacter\u00a0\u00bb button_alignment=\u00a0\u00bbcenter\u00a0\u00bb _builder_version=\u00a0\u00bb4.18.0&Prime; _module_preset=\u00a0\u00bbdefault\u00a0\u00bb custom_button=\u00a0\u00bbon\u00a0\u00bb button_bg_color=\u00a0\u00bb#C42815&Prime; button_border_color=\u00a0\u00bb#C42815&Prime; button_use_icon=\u00a0\u00bboff\u00a0\u00bb global_colors_info=\u00a0\u00bb{}\u00a0\u00bb button_text_color__hover_enabled=\u00a0\u00bbon|hover\u00a0\u00bb button_text_color__hover=\u00a0\u00bb#C42815&Prime; button_bg_color__hover_enabled=\u00a0\u00bbon|hover\u00a0\u00bb button_bg_color__hover=\u00a0\u00bb#FFFFFF\u00a0\u00bb button_bg_enable_color__hover=\u00a0\u00bbon\u00a0\u00bb][\/et_pb_button][et_pb_image src=\u00a0\u00bbhttps:\/\/www.duperrex.ch\/wp-content\/uploads\/2022\/12\/logo-moinat.png\u00a0\u00bb alt=\u00a0\u00bblogo-moinat\u00a0\u00bb title_text=\u00a0\u00bblogo-moinat\u00a0\u00bb url=\u00a0\u00bbhttps:\/\/www.moinat.net\/en_INT\/1-home\u00a0\u00bb url_new_window=\u00a0\u00bbon\u00a0\u00bb _builder_version=\u00a0\u00bb4.19.4&Prime; _module_preset=\u00a0\u00bbdefault\u00a0\u00bb global_colors_info=\u00a0\u00bb{}\u00a0\u00bb][\/et_pb_image][\/et_pb_column][\/et_pb_row][\/et_pb_section]<\/p>\n","protected":false},"excerpt":{"rendered":"<p>Transport d&rsquo;\u0153uvres d&rsquo;art et d&rsquo;antiquit\u00e9sConfiez-nous le transport de vos \u0153uvres d\u2019art et antiquit\u00e9s, que ce soit sur le territoire national ou \u00e0 l\u2019international. Gr\u00e2ce \u00e0 notre expertise et au savoir-faire de notre soci\u00e9t\u00e9 s\u0153ur, Duperrex International Ltd, nous garantissons un service s\u00e9curis\u00e9 et sur mesure, adapt\u00e9 aux exigences de ces biens pr\u00e9cieux.<\/p>\n","protected":false},"author":4,"featured_media":0,"parent":0,"menu_order":0,"comment_status":"closed","ping_status":"closed","template":"","meta":{"_et_pb_use_builder":"on","_et_pb_old_content":"","_et_gb_content_width":"","footnotes":""},"class_list":["post-111","page","type-page","status-publish","hentry"],"yoast_head":"<!-- This site is optimized with the Yoast SEO plugin v27.1.1 - https:\/\/yoast.com\/product\/yoast-seo-wordpress\/ -->\n<title>Transport d&#039;oeuvres d&#039;art et antiquit\u00e9s - Duperrex Fr\u00e8res SA<\/title>\n<meta name=\"description\" content=\"Confiez le transport s\u00e9curis\u00e9 de vos \u0153uvres d\u2019art et antiquit\u00e9s \u00e0 Duperrex Fr\u00e8res et Duperrex International Ltd, experts en solutions sur mesure, nationales et internationales.\" \/>\n<meta name=\"robots\" content=\"index, follow, max-snippet:-1, max-image-preview:large, max-video-preview:-1\" \/>\n<link rel=\"canonical\" href=\"https:\/\/www.duperrex.ch\/fr\/transport-doeuvres-dart-et-antiquites\/\" \/>\n<meta property=\"og:locale\" content=\"fr_FR\" \/>\n<meta property=\"og:type\" content=\"article\" \/>\n<meta property=\"og:title\" content=\"Transport d&#039;oeuvres d&#039;art et antiquit\u00e9s - Duperrex Fr\u00e8res SA\" \/>\n<meta property=\"og:description\" content=\"Confiez le transport s\u00e9curis\u00e9 de vos \u0153uvres d\u2019art et antiquit\u00e9s \u00e0 Duperrex Fr\u00e8res et Duperrex International Ltd, experts en solutions sur mesure, nationales et internationales.\" \/>\n<meta property=\"og:url\" content=\"https:\/\/www.duperrex.ch\/fr\/transport-doeuvres-dart-et-antiquites\/\" \/>\n<meta property=\"og:site_name\" content=\"Duperrex Fr\u00e8res SA\" \/>\n<meta property=\"article:publisher\" content=\"https:\/\/www.facebook.com\/Duperrex-Frres-Taxi-Meubles-408761332652693\/\" \/>\n<meta property=\"article:modified_time\" content=\"2024-12-27T10:39:30+00:00\" \/>\n<meta name=\"twitter:card\" content=\"summary_large_image\" \/>\n<meta name=\"twitter:label1\" content=\"Dur\u00e9e de lecture estim\u00e9e\" \/>\n\t<meta name=\"twitter:data1\" content=\"1 minute\" \/>\n<script type=\"application\/ld+json\" class=\"yoast-schema-graph\">{\"@context\":\"https:\/\/schema.org\",\"@graph\":[{\"@type\":\"WebPage\",\"@id\":\"https:\/\/www.duperrex.ch\/fr\/transport-doeuvres-dart-et-antiquites\/\",\"url\":\"https:\/\/www.duperrex.ch\/fr\/transport-doeuvres-dart-et-antiquites\/\",\"name\":\"Transport d'oeuvres d'art et antiquit\u00e9s - Duperrex Fr\u00e8res SA\",\"isPartOf\":{\"@id\":\"https:\/\/www.duperrex.ch\/fr\/#website\"},\"datePublished\":\"2022-10-19T11:10:13+00:00\",\"dateModified\":\"2024-12-27T10:39:30+00:00\",\"description\":\"Confiez le transport s\u00e9curis\u00e9 de vos \u0153uvres d\u2019art et antiquit\u00e9s \u00e0 Duperrex Fr\u00e8res et Duperrex International Ltd, experts en solutions sur mesure, nationales et internationales.\",\"breadcrumb\":{\"@id\":\"https:\/\/www.duperrex.ch\/fr\/transport-doeuvres-dart-et-antiquites\/#breadcrumb\"},\"inLanguage\":\"fr-FR\",\"potentialAction\":[{\"@type\":\"ReadAction\",\"target\":[\"https:\/\/www.duperrex.ch\/fr\/transport-doeuvres-dart-et-antiquites\/\"]}]},{\"@type\":\"BreadcrumbList\",\"@id\":\"https:\/\/www.duperrex.ch\/fr\/transport-doeuvres-dart-et-antiquites\/#breadcrumb\",\"itemListElement\":[{\"@type\":\"ListItem\",\"position\":1,\"name\":\"Accueil\",\"item\":\"https:\/\/www.duperrex.ch\/fr\/\"},{\"@type\":\"ListItem\",\"position\":2,\"name\":\"Transport d&#8217;oeuvres d&#8217;art et antiquit\u00e9s\"}]},{\"@type\":\"WebSite\",\"@id\":\"https:\/\/www.duperrex.ch\/fr\/#website\",\"url\":\"https:\/\/www.duperrex.ch\/fr\/\",\"name\":\"Duperrex Fr\u00e8res SA\",\"description\":\"Swiss logistics\",\"publisher\":{\"@id\":\"https:\/\/www.duperrex.ch\/fr\/#organization\"},\"potentialAction\":[{\"@type\":\"SearchAction\",\"target\":{\"@type\":\"EntryPoint\",\"urlTemplate\":\"https:\/\/www.duperrex.ch\/fr\/?s={search_term_string}\"},\"query-input\":{\"@type\":\"PropertyValueSpecification\",\"valueRequired\":true,\"valueName\":\"search_term_string\"}}],\"inLanguage\":\"fr-FR\"},{\"@type\":\"Organization\",\"@id\":\"https:\/\/www.duperrex.ch\/fr\/#organization\",\"name\":\"Taxi Meubles SA\",\"url\":\"https:\/\/www.duperrex.ch\/fr\/\",\"logo\":{\"@type\":\"ImageObject\",\"inLanguage\":\"fr-FR\",\"@id\":\"https:\/\/www.duperrex.ch\/fr\/#\/schema\/logo\/image\/\",\"url\":\"https:\/\/www.duperrex.ch\/wp-content\/uploads\/2022\/10\/taxi-meubles-logo-600.png\",\"contentUrl\":\"https:\/\/www.duperrex.ch\/wp-content\/uploads\/2022\/10\/taxi-meubles-logo-600.png\",\"width\":596,\"height\":131,\"caption\":\"Taxi Meubles SA\"},\"image\":{\"@id\":\"https:\/\/www.duperrex.ch\/fr\/#\/schema\/logo\/image\/\"},\"sameAs\":[\"https:\/\/www.facebook.com\/Duperrex-Frres-Taxi-Meubles-408761332652693\/\",\"https:\/\/www.linkedin.com\/company\/11111557\/\"]}]}<\/script>\n<!-- \/ Yoast SEO plugin. -->","yoast_head_json":{"title":"Transport d'oeuvres d'art et antiquit\u00e9s - Duperrex Fr\u00e8res SA","description":"Confiez le transport s\u00e9curis\u00e9 de vos \u0153uvres d\u2019art et antiquit\u00e9s \u00e0 Duperrex Fr\u00e8res et Duperrex International Ltd, experts en solutions sur mesure, nationales et internationales.","robots":{"index":"index","follow":"follow","max-snippet":"max-snippet:-1","max-image-preview":"max-image-preview:large","max-video-preview":"max-video-preview:-1"},"canonical":"https:\/\/www.duperrex.ch\/fr\/transport-doeuvres-dart-et-antiquites\/","og_locale":"fr_FR","og_type":"article","og_title":"Transport d'oeuvres d'art et antiquit\u00e9s - Duperrex Fr\u00e8res SA","og_description":"Confiez le transport s\u00e9curis\u00e9 de vos \u0153uvres d\u2019art et antiquit\u00e9s \u00e0 Duperrex Fr\u00e8res et Duperrex International Ltd, experts en solutions sur mesure, nationales et internationales.","og_url":"https:\/\/www.duperrex.ch\/fr\/transport-doeuvres-dart-et-antiquites\/","og_site_name":"Duperrex Fr\u00e8res SA","article_publisher":"https:\/\/www.facebook.com\/Duperrex-Frres-Taxi-Meubles-408761332652693\/","article_modified_time":"2024-12-27T10:39:30+00:00","twitter_card":"summary_large_image","twitter_misc":{"Dur\u00e9e de lecture estim\u00e9e":"1 minute"},"schema":{"@context":"https:\/\/schema.org","@graph":[{"@type":"WebPage","@id":"https:\/\/www.duperrex.ch\/fr\/transport-doeuvres-dart-et-antiquites\/","url":"https:\/\/www.duperrex.ch\/fr\/transport-doeuvres-dart-et-antiquites\/","name":"Transport d'oeuvres d'art et antiquit\u00e9s - Duperrex Fr\u00e8res SA","isPartOf":{"@id":"https:\/\/www.duperrex.ch\/fr\/#website"},"datePublished":"2022-10-19T11:10:13+00:00","dateModified":"2024-12-27T10:39:30+00:00","description":"Confiez le transport s\u00e9curis\u00e9 de vos \u0153uvres d\u2019art et antiquit\u00e9s \u00e0 Duperrex Fr\u00e8res et Duperrex International Ltd, experts en solutions sur mesure, nationales et internationales.","breadcrumb":{"@id":"https:\/\/www.duperrex.ch\/fr\/transport-doeuvres-dart-et-antiquites\/#breadcrumb"},"inLanguage":"fr-FR","potentialAction":[{"@type":"ReadAction","target":["https:\/\/www.duperrex.ch\/fr\/transport-doeuvres-dart-et-antiquites\/"]}]},{"@type":"BreadcrumbList","@id":"https:\/\/www.duperrex.ch\/fr\/transport-doeuvres-dart-et-antiquites\/#breadcrumb","itemListElement":[{"@type":"ListItem","position":1,"name":"Accueil","item":"https:\/\/www.duperrex.ch\/fr\/"},{"@type":"ListItem","position":2,"name":"Transport d&#8217;oeuvres d&#8217;art et antiquit\u00e9s"}]},{"@type":"WebSite","@id":"https:\/\/www.duperrex.ch\/fr\/#website","url":"https:\/\/www.duperrex.ch\/fr\/","name":"Duperrex Fr\u00e8res SA","description":"Swiss logistics","publisher":{"@id":"https:\/\/www.duperrex.ch\/fr\/#organization"},"potentialAction":[{"@type":"SearchAction","target":{"@type":"EntryPoint","urlTemplate":"https:\/\/www.duperrex.ch\/fr\/?s={search_term_string}"},"query-input":{"@type":"PropertyValueSpecification","valueRequired":true,"valueName":"search_term_string"}}],"inLanguage":"fr-FR"},{"@type":"Organization","@id":"https:\/\/www.duperrex.ch\/fr\/#organization","name":"Taxi Meubles SA","url":"https:\/\/www.duperrex.ch\/fr\/","logo":{"@type":"ImageObject","inLanguage":"fr-FR","@id":"https:\/\/www.duperrex.ch\/fr\/#\/schema\/logo\/image\/","url":"https:\/\/www.duperrex.ch\/wp-content\/uploads\/2022\/10\/taxi-meubles-logo-600.png","contentUrl":"https:\/\/www.duperrex.ch\/wp-content\/uploads\/2022\/10\/taxi-meubles-logo-600.png","width":596,"height":131,"caption":"Taxi Meubles SA"},"image":{"@id":"https:\/\/www.duperrex.ch\/fr\/#\/schema\/logo\/image\/"},"sameAs":["https:\/\/www.facebook.com\/Duperrex-Frres-Taxi-Meubles-408761332652693\/","https:\/\/www.linkedin.com\/company\/11111557\/"]}]}},"_links":{"self":[{"href":"https:\/\/www.duperrex.ch\/fr\/wp-json\/wp\/v2\/pages\/111","targetHints":{"allow":["GET"]}}],"collection":[{"href":"https:\/\/www.duperrex.ch\/fr\/wp-json\/wp\/v2\/pages"}],"about":[{"href":"https:\/\/www.duperrex.ch\/fr\/wp-json\/wp\/v2\/types\/page"}],"author":[{"embeddable":true,"href":"https:\/\/www.duperrex.ch\/fr\/wp-json\/wp\/v2\/users\/4"}],"replies":[{"embeddable":true,"href":"https:\/\/www.duperrex.ch\/fr\/wp-json\/wp\/v2\/comments?post=111"}],"version-history":[{"count":19,"href":"https:\/\/www.duperrex.ch\/fr\/wp-json\/wp\/v2\/pages\/111\/revisions"}],"predecessor-version":[{"id":2168,"href":"https:\/\/www.duperrex.ch\/fr\/wp-json\/wp\/v2\/pages\/111\/revisions\/2168"}],"wp:attachment":[{"href":"https:\/\/www.duperrex.ch\/fr\/wp-json\/wp\/v2\/media?parent=111"}],"curies":[{"name":"wp","href":"https:\/\/api.w.org\/{rel}","templated":true}]}}