{"id":130,"date":"2022-10-19T13:34:07","date_gmt":"2022-10-19T11:34:07","guid":{"rendered":"https:\/\/www.duperrex.ch\/?page_id=130"},"modified":"2023-05-01T20:41:35","modified_gmt":"2023-05-01T18:41:35","slug":"immeuble-administration-courtage","status":"publish","type":"page","link":"https:\/\/www.duperrex.ch\/fr\/immeuble-administration-courtage\/","title":{"rendered":"Immeuble &#8211; Administration &#038; Courtage"},"content":{"rendered":"<p>[et_pb_section fb_built=\u00a0\u00bb1&Prime; _builder_version=\u00a0\u00bb4.20.2&Prime; _module_preset=\u00a0\u00bbdefault\u00a0\u00bb background_enable_color=\u00a0\u00bboff\u00a0\u00bb background_image=\u00a0\u00bbhttps:\/\/www.duperrex.ch\/wp-content\/uploads\/2022\/12\/building_pexels-by_expect-best.jpg\u00a0\u00bb background_size=\u00a0\u00bbcontain\u00a0\u00bb background_position=\u00a0\u00bbtop_left\u00a0\u00bb min_height=\u00a0\u00bb400px\u00a0\u00bb hover_enabled=\u00a0\u00bb0&Prime; background_last_edited=\u00a0\u00bbon|phone\u00a0\u00bb global_colors_info=\u00a0\u00bb{}\u00a0\u00bb alt=\u00a0\u00bbGestion PPE\u00a0\u00bb title_text=\u00a0\u00bbbuilding-gb63b67643_1920&Prime; background_image_phone=\u00a0\u00bbhttps:\/\/www.duperrex.ch\/wp-content\/uploads\/2023\/03\/building-gb63b67643_1920.jpg\u00a0\u00bb background_enable_image_phone=\u00a0\u00bbon\u00a0\u00bb sticky_enabled=\u00a0\u00bb0&Prime; background_size_phone=\u00a0\u00bbcustom\u00a0\u00bb background_image_height_phone=\u00a0\u00bb100%\u00a0\u00bb background_image_width_phone=\u00a0\u00bb100%\u00a0\u00bb][\/et_pb_section][et_pb_section fb_built=\u00a0\u00bb1&Prime; _builder_version=\u00a0\u00bb4.18.0&Prime; _module_preset=\u00a0\u00bbdefault\u00a0\u00bb custom_padding=\u00a0\u00bb5px|||||\u00a0\u00bb global_colors_info=\u00a0\u00bb{}\u00a0\u00bb][et_pb_row _builder_version=\u00a0\u00bb4.18.0&Prime; _module_preset=\u00a0\u00bbdefault\u00a0\u00bb custom_margin=\u00a0\u00bb66px|auto||auto|false|false\u00a0\u00bb global_colors_info=\u00a0\u00bb{}\u00a0\u00bb][et_pb_column type=\u00a0\u00bb4_4&Prime; _builder_version=\u00a0\u00bb4.18.0&Prime; _module_preset=\u00a0\u00bbdefault\u00a0\u00bb global_colors_info=\u00a0\u00bb{}\u00a0\u00bb][et_pb_text _builder_version=\u00a0\u00bb4.20.2&Prime; _module_preset=\u00a0\u00bbdefault\u00a0\u00bb header_text_color=\u00a0\u00bb#FFFFFF\u00a0\u00bb hover_enabled=\u00a0\u00bb0&Prime; global_colors_info=\u00a0\u00bb{}\u00a0\u00bb sticky_enabled=\u00a0\u00bb0&Prime;]<\/p>\n<h1 style=\"text-align: center;\"><span style=\"color: #000000;\">Immeuble &#8211; Administration &amp; Courtage<\/span><\/h1>\n<p>[\/et_pb_text][\/et_pb_column][\/et_pb_row][et_pb_row _builder_version=\u00a0\u00bb4.18.0&Prime; _module_preset=\u00a0\u00bbdefault\u00a0\u00bb global_colors_info=\u00a0\u00bb{}\u00a0\u00bb][et_pb_column type=\u00a0\u00bb4_4&Prime; _builder_version=\u00a0\u00bb4.18.0&Prime; _module_preset=\u00a0\u00bbdefault\u00a0\u00bb global_colors_info=\u00a0\u00bb{}\u00a0\u00bb][et_pb_text _builder_version=\u00a0\u00bb4.18.0&Prime; _module_preset=\u00a0\u00bbdefault\u00a0\u00bb width=\u00a0\u00bb80%\u00a0\u00bb module_alignment=\u00a0\u00bbcenter\u00a0\u00bb global_colors_info=\u00a0\u00bb{}\u00a0\u00bb]<\/p>\n<p style=\"text-align: center;\">Notre soci\u00e9t\u00e9 partenaire \u00ab <strong>LGH Luginb\u00fchl Immobilier<\/strong> \u00bb sp\u00e9cialis\u00e9e dans l\u2019administration d\u2019immeuble et le courtage immobilier est \u00e0 votre disposition pour vous renseigner personnellement et vous fournir un service adapt\u00e9 \u00e0 vos besoins.<\/p>\n<p>[\/et_pb_text][et_pb_image src=\u00a0\u00bbhttps:\/\/www.duperrex.ch\/wp-content\/uploads\/2022\/10\/Logo-Lughnibuhl.jpg\u00a0\u00bb alt=\u00a0\u00bbLogo Lughnibuhl\u00a0\u00bb title_text=\u00a0\u00bbLogo Lughnibuhl\u00a0\u00bb url=\u00a0\u00bbhttps:\/\/www.lghimmobilier.ch\/\u00a0\u00bb url_new_window=\u00a0\u00bbon\u00a0\u00bb align=\u00a0\u00bbcenter\u00a0\u00bb _builder_version=\u00a0\u00bb4.18.0&Prime; _module_preset=\u00a0\u00bbdefault\u00a0\u00bb global_colors_info=\u00a0\u00bb{}\u00a0\u00bb][\/et_pb_image][et_pb_button button_url=\u00a0\u00bbhttps:\/\/www.lghimmobilier.ch\/\u00a0\u00bb url_new_window=\u00a0\u00bbon\u00a0\u00bb button_text=\u00a0\u00bbLGH site internet\u00a0\u00bb button_alignment=\u00a0\u00bbcenter\u00a0\u00bb _builder_version=\u00a0\u00bb4.18.0&Prime; _module_preset=\u00a0\u00bbdefault\u00a0\u00bb custom_button=\u00a0\u00bbon\u00a0\u00bb button_border_color=\u00a0\u00bb#C42815&Prime; global_colors_info=\u00a0\u00bb{}\u00a0\u00bb][\/et_pb_button][\/et_pb_column][\/et_pb_row][et_pb_row column_structure=\u00a0\u00bb1_2,1_2&Prime; _builder_version=\u00a0\u00bb4.18.0&Prime; _module_preset=\u00a0\u00bbdefault\u00a0\u00bb global_colors_info=\u00a0\u00bb{}\u00a0\u00bb][et_pb_column type=\u00a0\u00bb1_2&Prime; _builder_version=\u00a0\u00bb4.18.0&Prime; _module_preset=\u00a0\u00bbdefault\u00a0\u00bb global_colors_info=\u00a0\u00bb{}\u00a0\u00bb][et_pb_image src=\u00a0\u00bbhttps:\/\/www.duperrex.ch\/wp-content\/uploads\/2022\/10\/Luginbuhl-plaquette-recto.jpg\u00a0\u00bb alt=\u00a0\u00bbLuginbuhl-plaquette recto\u00a0\u00bb title_text=\u00a0\u00bbLuginbuhl-plaquette recto\u00a0\u00bb show_in_lightbox=\u00a0\u00bbon\u00a0\u00bb _builder_version=\u00a0\u00bb4.18.0&Prime; _module_preset=\u00a0\u00bbdefault\u00a0\u00bb global_colors_info=\u00a0\u00bb{}\u00a0\u00bb][\/et_pb_image][\/et_pb_column][et_pb_column type=\u00a0\u00bb1_2&Prime; _builder_version=\u00a0\u00bb4.18.0&Prime; _module_preset=\u00a0\u00bbdefault\u00a0\u00bb global_colors_info=\u00a0\u00bb{}\u00a0\u00bb][et_pb_image src=\u00a0\u00bbhttps:\/\/www.duperrex.ch\/wp-content\/uploads\/2022\/10\/Luginbuhl-plaquette-verso.jpg\u00a0\u00bb alt=\u00a0\u00bbLuginbuhl-plaquette verso\u00a0\u00bb title_text=\u00a0\u00bbLuginbuhl-plaquette verso\u00a0\u00bb show_in_lightbox=\u00a0\u00bbon\u00a0\u00bb _builder_version=\u00a0\u00bb4.18.0&Prime; _module_preset=\u00a0\u00bbdefault\u00a0\u00bb global_colors_info=\u00a0\u00bb{}\u00a0\u00bb][\/et_pb_image][\/et_pb_column][\/et_pb_row][et_pb_row _builder_version=\u00a0\u00bb4.18.0&Prime; _module_preset=\u00a0\u00bbdefault\u00a0\u00bb global_colors_info=\u00a0\u00bb{}\u00a0\u00bb][et_pb_column type=\u00a0\u00bb4_4&Prime; _builder_version=\u00a0\u00bb4.18.0&Prime; _module_preset=\u00a0\u00bbdefault\u00a0\u00bb global_colors_info=\u00a0\u00bb{}\u00a0\u00bb][et_pb_text _builder_version=\u00a0\u00bb4.18.0&Prime; _module_preset=\u00a0\u00bbdefault\u00a0\u00bb global_colors_info=\u00a0\u00bb{}\u00a0\u00bb]<\/p>\n<p style=\"text-align: center;\"><a href=\"https:\/\/www.duperrex.ch\/wp-content\/uploads\/2022\/10\/LGH_Immobilier.pdf\" target=\"_blank\" rel=\"noopener\">T\u00e9l\u00e9charger la plaquette de LGH (pdf 4 Mo)<\/a><\/p>\n<p>[\/et_pb_text][\/et_pb_column][\/et_pb_row][\/et_pb_section]<\/p>\n","protected":false},"excerpt":{"rendered":"<p>Immeuble &#8211; Administration &amp; CourtageNotre soci\u00e9t\u00e9 partenaire \u00ab LGH Luginb\u00fchl Immobilier \u00bb sp\u00e9cialis\u00e9e dans l\u2019administration d\u2019immeuble et le courtage immobilier est \u00e0 votre disposition pour vous renseigner personnellement et vous fournir un service adapt\u00e9 \u00e0 vos besoins.T\u00e9l\u00e9charger la plaquette de LGH (pdf 4 Mo)<\/p>\n","protected":false},"author":4,"featured_media":0,"parent":0,"menu_order":0,"comment_status":"closed","ping_status":"closed","template":"","meta":{"_et_pb_use_builder":"on","_et_pb_old_content":"","_et_gb_content_width":"","footnotes":""},"class_list":["post-130","page","type-page","status-publish","hentry"],"yoast_head":"<!-- This site is optimized with the Yoast SEO plugin v27.1.1 - https:\/\/yoast.com\/product\/yoast-seo-wordpress\/ -->\n<title>Immeuble - Administration &amp; Courtage - Duperrex Fr\u00e8res SA<\/title>\n<meta name=\"description\" content=\"Notre soci\u00e9t\u00e9 partenaire -LGH Luginb\u00fchl Immobilier- est sp\u00e9cialis\u00e9e dans l\u2019administration d\u2019immeuble et le courtage immobilier.\" \/>\n<meta name=\"robots\" content=\"index, follow, max-snippet:-1, max-image-preview:large, max-video-preview:-1\" \/>\n<link rel=\"canonical\" href=\"https:\/\/www.duperrex.ch\/fr\/immeuble-administration-courtage\/\" \/>\n<meta property=\"og:locale\" content=\"fr_FR\" \/>\n<meta property=\"og:type\" content=\"article\" \/>\n<meta property=\"og:title\" content=\"Immeuble - Administration &amp; Courtage - Duperrex Fr\u00e8res SA\" \/>\n<meta property=\"og:description\" content=\"Notre soci\u00e9t\u00e9 partenaire -LGH Luginb\u00fchl Immobilier- est sp\u00e9cialis\u00e9e dans l\u2019administration d\u2019immeuble et le courtage immobilier.\" \/>\n<meta property=\"og:url\" content=\"https:\/\/www.duperrex.ch\/fr\/immeuble-administration-courtage\/\" \/>\n<meta property=\"og:site_name\" content=\"Duperrex Fr\u00e8res SA\" \/>\n<meta property=\"article:publisher\" content=\"https:\/\/www.facebook.com\/Duperrex-Frres-Taxi-Meubles-408761332652693\/\" \/>\n<meta property=\"article:modified_time\" content=\"2023-05-01T18:41:35+00:00\" \/>\n<meta name=\"twitter:card\" content=\"summary_large_image\" \/>\n<meta name=\"twitter:label1\" content=\"Dur\u00e9e de lecture estim\u00e9e\" \/>\n\t<meta name=\"twitter:data1\" content=\"1 minute\" \/>\n<script type=\"application\/ld+json\" class=\"yoast-schema-graph\">{\"@context\":\"https:\/\/schema.org\",\"@graph\":[{\"@type\":\"WebPage\",\"@id\":\"https:\/\/www.duperrex.ch\/fr\/immeuble-administration-courtage\/\",\"url\":\"https:\/\/www.duperrex.ch\/fr\/immeuble-administration-courtage\/\",\"name\":\"Immeuble - Administration & Courtage - Duperrex Fr\u00e8res SA\",\"isPartOf\":{\"@id\":\"https:\/\/www.duperrex.ch\/fr\/#website\"},\"datePublished\":\"2022-10-19T11:34:07+00:00\",\"dateModified\":\"2023-05-01T18:41:35+00:00\",\"description\":\"Notre soci\u00e9t\u00e9 partenaire -LGH Luginb\u00fchl Immobilier- est sp\u00e9cialis\u00e9e dans l\u2019administration d\u2019immeuble et le courtage immobilier.\",\"breadcrumb\":{\"@id\":\"https:\/\/www.duperrex.ch\/fr\/immeuble-administration-courtage\/#breadcrumb\"},\"inLanguage\":\"fr-FR\",\"potentialAction\":[{\"@type\":\"ReadAction\",\"target\":[\"https:\/\/www.duperrex.ch\/fr\/immeuble-administration-courtage\/\"]}]},{\"@type\":\"BreadcrumbList\",\"@id\":\"https:\/\/www.duperrex.ch\/fr\/immeuble-administration-courtage\/#breadcrumb\",\"itemListElement\":[{\"@type\":\"ListItem\",\"position\":1,\"name\":\"Accueil\",\"item\":\"https:\/\/www.duperrex.ch\/fr\/\"},{\"@type\":\"ListItem\",\"position\":2,\"name\":\"Immeuble &#8211; Administration &#038; Courtage\"}]},{\"@type\":\"WebSite\",\"@id\":\"https:\/\/www.duperrex.ch\/fr\/#website\",\"url\":\"https:\/\/www.duperrex.ch\/fr\/\",\"name\":\"Duperrex Fr\u00e8res SA\",\"description\":\"Swiss logistics\",\"publisher\":{\"@id\":\"https:\/\/www.duperrex.ch\/fr\/#organization\"},\"potentialAction\":[{\"@type\":\"SearchAction\",\"target\":{\"@type\":\"EntryPoint\",\"urlTemplate\":\"https:\/\/www.duperrex.ch\/fr\/?s={search_term_string}\"},\"query-input\":{\"@type\":\"PropertyValueSpecification\",\"valueRequired\":true,\"valueName\":\"search_term_string\"}}],\"inLanguage\":\"fr-FR\"},{\"@type\":\"Organization\",\"@id\":\"https:\/\/www.duperrex.ch\/fr\/#organization\",\"name\":\"Taxi Meubles SA\",\"url\":\"https:\/\/www.duperrex.ch\/fr\/\",\"logo\":{\"@type\":\"ImageObject\",\"inLanguage\":\"fr-FR\",\"@id\":\"https:\/\/www.duperrex.ch\/fr\/#\/schema\/logo\/image\/\",\"url\":\"https:\/\/www.duperrex.ch\/wp-content\/uploads\/2022\/10\/taxi-meubles-logo-600.png\",\"contentUrl\":\"https:\/\/www.duperrex.ch\/wp-content\/uploads\/2022\/10\/taxi-meubles-logo-600.png\",\"width\":596,\"height\":131,\"caption\":\"Taxi Meubles SA\"},\"image\":{\"@id\":\"https:\/\/www.duperrex.ch\/fr\/#\/schema\/logo\/image\/\"},\"sameAs\":[\"https:\/\/www.facebook.com\/Duperrex-Frres-Taxi-Meubles-408761332652693\/\",\"https:\/\/www.linkedin.com\/company\/11111557\/\"]}]}<\/script>\n<!-- \/ Yoast SEO plugin. -->","yoast_head_json":{"title":"Immeuble - Administration & Courtage - Duperrex Fr\u00e8res SA","description":"Notre soci\u00e9t\u00e9 partenaire -LGH Luginb\u00fchl Immobilier- est sp\u00e9cialis\u00e9e dans l\u2019administration d\u2019immeuble et le courtage immobilier.","robots":{"index":"index","follow":"follow","max-snippet":"max-snippet:-1","max-image-preview":"max-image-preview:large","max-video-preview":"max-video-preview:-1"},"canonical":"https:\/\/www.duperrex.ch\/fr\/immeuble-administration-courtage\/","og_locale":"fr_FR","og_type":"article","og_title":"Immeuble - Administration & Courtage - Duperrex Fr\u00e8res SA","og_description":"Notre soci\u00e9t\u00e9 partenaire -LGH Luginb\u00fchl Immobilier- est sp\u00e9cialis\u00e9e dans l\u2019administration d\u2019immeuble et le courtage immobilier.","og_url":"https:\/\/www.duperrex.ch\/fr\/immeuble-administration-courtage\/","og_site_name":"Duperrex Fr\u00e8res SA","article_publisher":"https:\/\/www.facebook.com\/Duperrex-Frres-Taxi-Meubles-408761332652693\/","article_modified_time":"2023-05-01T18:41:35+00:00","twitter_card":"summary_large_image","twitter_misc":{"Dur\u00e9e de lecture estim\u00e9e":"1 minute"},"schema":{"@context":"https:\/\/schema.org","@graph":[{"@type":"WebPage","@id":"https:\/\/www.duperrex.ch\/fr\/immeuble-administration-courtage\/","url":"https:\/\/www.duperrex.ch\/fr\/immeuble-administration-courtage\/","name":"Immeuble - Administration & Courtage - Duperrex Fr\u00e8res SA","isPartOf":{"@id":"https:\/\/www.duperrex.ch\/fr\/#website"},"datePublished":"2022-10-19T11:34:07+00:00","dateModified":"2023-05-01T18:41:35+00:00","description":"Notre soci\u00e9t\u00e9 partenaire -LGH Luginb\u00fchl Immobilier- est sp\u00e9cialis\u00e9e dans l\u2019administration d\u2019immeuble et le courtage immobilier.","breadcrumb":{"@id":"https:\/\/www.duperrex.ch\/fr\/immeuble-administration-courtage\/#breadcrumb"},"inLanguage":"fr-FR","potentialAction":[{"@type":"ReadAction","target":["https:\/\/www.duperrex.ch\/fr\/immeuble-administration-courtage\/"]}]},{"@type":"BreadcrumbList","@id":"https:\/\/www.duperrex.ch\/fr\/immeuble-administration-courtage\/#breadcrumb","itemListElement":[{"@type":"ListItem","position":1,"name":"Accueil","item":"https:\/\/www.duperrex.ch\/fr\/"},{"@type":"ListItem","position":2,"name":"Immeuble &#8211; Administration &#038; Courtage"}]},{"@type":"WebSite","@id":"https:\/\/www.duperrex.ch\/fr\/#website","url":"https:\/\/www.duperrex.ch\/fr\/","name":"Duperrex Fr\u00e8res SA","description":"Swiss logistics","publisher":{"@id":"https:\/\/www.duperrex.ch\/fr\/#organization"},"potentialAction":[{"@type":"SearchAction","target":{"@type":"EntryPoint","urlTemplate":"https:\/\/www.duperrex.ch\/fr\/?s={search_term_string}"},"query-input":{"@type":"PropertyValueSpecification","valueRequired":true,"valueName":"search_term_string"}}],"inLanguage":"fr-FR"},{"@type":"Organization","@id":"https:\/\/www.duperrex.ch\/fr\/#organization","name":"Taxi Meubles SA","url":"https:\/\/www.duperrex.ch\/fr\/","logo":{"@type":"ImageObject","inLanguage":"fr-FR","@id":"https:\/\/www.duperrex.ch\/fr\/#\/schema\/logo\/image\/","url":"https:\/\/www.duperrex.ch\/wp-content\/uploads\/2022\/10\/taxi-meubles-logo-600.png","contentUrl":"https:\/\/www.duperrex.ch\/wp-content\/uploads\/2022\/10\/taxi-meubles-logo-600.png","width":596,"height":131,"caption":"Taxi Meubles SA"},"image":{"@id":"https:\/\/www.duperrex.ch\/fr\/#\/schema\/logo\/image\/"},"sameAs":["https:\/\/www.facebook.com\/Duperrex-Frres-Taxi-Meubles-408761332652693\/","https:\/\/www.linkedin.com\/company\/11111557\/"]}]}},"_links":{"self":[{"href":"https:\/\/www.duperrex.ch\/fr\/wp-json\/wp\/v2\/pages\/130","targetHints":{"allow":["GET"]}}],"collection":[{"href":"https:\/\/www.duperrex.ch\/fr\/wp-json\/wp\/v2\/pages"}],"about":[{"href":"https:\/\/www.duperrex.ch\/fr\/wp-json\/wp\/v2\/types\/page"}],"author":[{"embeddable":true,"href":"https:\/\/www.duperrex.ch\/fr\/wp-json\/wp\/v2\/users\/4"}],"replies":[{"embeddable":true,"href":"https:\/\/www.duperrex.ch\/fr\/wp-json\/wp\/v2\/comments?post=130"}],"version-history":[{"count":14,"href":"https:\/\/www.duperrex.ch\/fr\/wp-json\/wp\/v2\/pages\/130\/revisions"}],"predecessor-version":[{"id":2061,"href":"https:\/\/www.duperrex.ch\/fr\/wp-json\/wp\/v2\/pages\/130\/revisions\/2061"}],"wp:attachment":[{"href":"https:\/\/www.duperrex.ch\/fr\/wp-json\/wp\/v2\/media?parent=130"}],"curies":[{"name":"wp","href":"https:\/\/api.w.org\/{rel}","templated":true}]}}