{"id":1336,"date":"2023-01-11T08:35:41","date_gmt":"2023-01-11T07:35:41","guid":{"rendered":"https:\/\/www.duperrex.ch\/?page_id=1336"},"modified":"2023-09-29T17:13:18","modified_gmt":"2023-09-29T15:13:18","slug":"tracking","status":"publish","type":"page","link":"https:\/\/www.duperrex.ch\/fr\/tracking\/","title":{"rendered":"Suivi de votre commande"},"content":{"rendered":"<p>[et_pb_section fb_built=\u00a0\u00bb1&Prime; _builder_version=\u00a0\u00bb4.19.4&Prime; _module_preset=\u00a0\u00bbdefault\u00a0\u00bb global_colors_info=\u00a0\u00bb{}\u00a0\u00bb][et_pb_row _builder_version=\u00a0\u00bb4.19.4&Prime; _module_preset=\u00a0\u00bbdefault\u00a0\u00bb global_colors_info=\u00a0\u00bb{}\u00a0\u00bb][et_pb_column type=\u00a0\u00bb4_4&Prime; _builder_version=\u00a0\u00bb4.19.4&Prime; _module_preset=\u00a0\u00bbdefault\u00a0\u00bb global_colors_info=\u00a0\u00bb{}\u00a0\u00bb][et_pb_code _builder_version=\u00a0\u00bb4.19.4&Prime; _module_preset=\u00a0\u00bbdefault\u00a0\u00bb hover_enabled=\u00a0\u00bb0&Prime; global_colors_info=\u00a0\u00bb{}\u00a0\u00bb sticky_enabled=\u00a0\u00bb0&Prime;]<!--Start of Tawk.to Script--><!-- [et_pb_line_break_holder] --><script type=\"text\/javascript\"><!-- [et_pb_line_break_holder] -->var Tawk_API=Tawk_API||{}, Tawk_LoadStart=new Date();<!-- [et_pb_line_break_holder] -->(function(){<!-- [et_pb_line_break_holder] -->var s1=document.createElement(\"script\"),s0=document.getElementsByTagName(\"script\")[0];<!-- [et_pb_line_break_holder] -->s1.async=true;<!-- [et_pb_line_break_holder] -->s1.src='https:\/\/embed.tawk.to\/619ba94a6885f60a50bcf488\/1fl40qja0';<!-- [et_pb_line_break_holder] -->s1.charset='UTF-8';<!-- [et_pb_line_break_holder] -->s1.setAttribute('crossorigin','*');<!-- [et_pb_line_break_holder] -->s0.parentNode.insertBefore(s1,s0);<!-- [et_pb_line_break_holder] -->})();<!-- [et_pb_line_break_holder] --><\/script><!-- [et_pb_line_break_holder] --><!--End of Tawk.to Script-->[\/et_pb_code][et_pb_text _builder_version=\u00a0\u00bb4.19.4&Prime; _module_preset=\u00a0\u00bbdefault\u00a0\u00bb hover_enabled=\u00a0\u00bb0&Prime; global_colors_info=\u00a0\u00bb{}\u00a0\u00bb sticky_enabled=\u00a0\u00bb0&Prime;]<\/p>\n<h1 style=\"text-align: center;\">Suivi de votre commande<\/h1>\n<p>[\/et_pb_text][et_pb_divider show_divider=\u00a0\u00bboff\u00a0\u00bb admin_label=\u00a0\u00bbS\u00e9parateur\u00a0\u00bb _builder_version=\u00a0\u00bb4.19.4&Prime; _module_preset=\u00a0\u00bbdefault\u00a0\u00bb height=\u00a0\u00bb50px\u00a0\u00bb height_tablet=\u00a0\u00bb50px\u00a0\u00bb height_phone=\u00a0\u00bb30px\u00a0\u00bb height_last_edited=\u00a0\u00bbon|phone\u00a0\u00bb global_colors_info=\u00a0\u00bb{}\u00a0\u00bb][\/et_pb_divider][et_pb_code admin_label=\u00a0\u00bbCode\u00a0\u00bb _builder_version=\u00a0\u00bb4.22.1&Prime; _module_preset=\u00a0\u00bbdefault\u00a0\u00bb hover_enabled=\u00a0\u00bb0&Prime; global_colors_info=\u00a0\u00bb{}\u00a0\u00bb sticky_enabled=\u00a0\u00bb0&Prime;]<\/p>\n<div id=\"wrapper-iframe\"><!-- [et_pb_line_break_holder] --><\/div>\n<p><!-- [et_pb_line_break_holder] --><!-- [et_pb_line_break_holder] --><script><!-- [et_pb_line_break_holder] -->  jQuery(document).ready(function() {<!-- [et_pb_line_break_holder] -->    \/\/ Fonction pour extraire les param\u00e8tres de l'URL<!-- [et_pb_line_break_holder] -->    function getParameterByName(name, url) {<!-- [et_pb_line_break_holder] -->      if (!url) url = window.location.href;<!-- [et_pb_line_break_holder] -->      name = name.replace(\/[\\[\\]]\/g, '\\\\$&');<!-- [et_pb_line_break_holder] -->      var regex = new RegExp('[?&]' + name + '(=([^&#]*)|&|#|$)'),<!-- [et_pb_line_break_holder] -->          results = regex.exec(url);<!-- [et_pb_line_break_holder] -->      if (!results) return null;<!-- [et_pb_line_break_holder] -->      if (!results[2]) return '';<!-- [et_pb_line_break_holder] -->      return decodeURIComponent(results[2].replace(\/\\+\/g, ' '));<!-- [et_pb_line_break_holder] -->    }<!-- [et_pb_line_break_holder] --><!-- [et_pb_line_break_holder] -->    \/\/ R\u00e9cup\u00e9rer le param\u00e8tre \"key\" de l'URL<!-- [et_pb_line_break_holder] -->    var keyParam = getParameterByName('key');<!-- [et_pb_line_break_holder] -->    <!-- [et_pb_line_break_holder] -->    console.log(keyParam);<!-- [et_pb_line_break_holder] --><!-- [et_pb_line_break_holder] -->    <!-- [et_pb_line_break_holder] -->  document.getElementById('wrapper-iframe').innerHTML = '<iframe loading=\"lazy\" id=\"form-iframe-tracking\" src=\"https:\/\/duperrex.mine.nu:8443\/oadmin\/trackandtrace\/detail2?key='+ keyParam +'\" height=\"1000\" width=\"1200\" style=\"max-width:100%;border:none!important;\"<\/iframe>';<!-- [et_pb_line_break_holder] -->  <!-- [et_pb_line_break_holder] --><!-- [et_pb_line_break_holder] --> });<!-- [et_pb_line_break_holder] -->  <\/script>[\/et_pb_code][\/et_pb_column][\/et_pb_row][\/et_pb_section]<\/p>\n","protected":false},"excerpt":{"rendered":"<p>Suivi de votre commande<\/p>\n","protected":false},"author":4,"featured_media":0,"parent":0,"menu_order":0,"comment_status":"closed","ping_status":"closed","template":"","meta":{"_et_pb_use_builder":"on","_et_pb_old_content":"","_et_gb_content_width":"","footnotes":""},"class_list":["post-1336","page","type-page","status-publish","hentry"],"yoast_head":"<!-- This site is optimized with the Yoast SEO plugin v27.1.1 - https:\/\/yoast.com\/product\/yoast-seo-wordpress\/ -->\n<title>Suivi de votre commande - Duperrex Fr\u00e8res SA<\/title>\n<meta name=\"robots\" content=\"index, follow, max-snippet:-1, max-image-preview:large, max-video-preview:-1\" \/>\n<link rel=\"canonical\" href=\"https:\/\/www.duperrex.ch\/fr\/tracking\/\" \/>\n<meta property=\"og:locale\" content=\"fr_FR\" \/>\n<meta property=\"og:type\" content=\"article\" \/>\n<meta property=\"og:title\" content=\"Suivi de votre commande - Duperrex Fr\u00e8res SA\" \/>\n<meta property=\"og:description\" content=\"Suivi de votre commande\" \/>\n<meta property=\"og:url\" content=\"https:\/\/www.duperrex.ch\/fr\/tracking\/\" \/>\n<meta property=\"og:site_name\" content=\"Duperrex Fr\u00e8res SA\" \/>\n<meta property=\"article:publisher\" content=\"https:\/\/www.facebook.com\/Duperrex-Frres-Taxi-Meubles-408761332652693\/\" \/>\n<meta property=\"article:modified_time\" content=\"2023-09-29T15:13:18+00:00\" \/>\n<meta name=\"twitter:card\" content=\"summary_large_image\" \/>\n<meta name=\"twitter:label1\" content=\"Dur\u00e9e de lecture estim\u00e9e\" \/>\n\t<meta name=\"twitter:data1\" content=\"1 minute\" \/>\n<script type=\"application\/ld+json\" class=\"yoast-schema-graph\">{\"@context\":\"https:\/\/schema.org\",\"@graph\":[{\"@type\":\"WebPage\",\"@id\":\"https:\/\/www.duperrex.ch\/fr\/tracking\/\",\"url\":\"https:\/\/www.duperrex.ch\/fr\/tracking\/\",\"name\":\"Suivi de votre commande - Duperrex Fr\u00e8res SA\",\"isPartOf\":{\"@id\":\"https:\/\/www.duperrex.ch\/fr\/#website\"},\"datePublished\":\"2023-01-11T07:35:41+00:00\",\"dateModified\":\"2023-09-29T15:13:18+00:00\",\"breadcrumb\":{\"@id\":\"https:\/\/www.duperrex.ch\/fr\/tracking\/#breadcrumb\"},\"inLanguage\":\"fr-FR\",\"potentialAction\":[{\"@type\":\"ReadAction\",\"target\":[\"https:\/\/www.duperrex.ch\/fr\/tracking\/\"]}]},{\"@type\":\"BreadcrumbList\",\"@id\":\"https:\/\/www.duperrex.ch\/fr\/tracking\/#breadcrumb\",\"itemListElement\":[{\"@type\":\"ListItem\",\"position\":1,\"name\":\"Accueil\",\"item\":\"https:\/\/www.duperrex.ch\/fr\/\"},{\"@type\":\"ListItem\",\"position\":2,\"name\":\"Suivi de votre commande\"}]},{\"@type\":\"WebSite\",\"@id\":\"https:\/\/www.duperrex.ch\/fr\/#website\",\"url\":\"https:\/\/www.duperrex.ch\/fr\/\",\"name\":\"Duperrex Fr\u00e8res SA\",\"description\":\"Swiss logistics\",\"publisher\":{\"@id\":\"https:\/\/www.duperrex.ch\/fr\/#organization\"},\"potentialAction\":[{\"@type\":\"SearchAction\",\"target\":{\"@type\":\"EntryPoint\",\"urlTemplate\":\"https:\/\/www.duperrex.ch\/fr\/?s={search_term_string}\"},\"query-input\":{\"@type\":\"PropertyValueSpecification\",\"valueRequired\":true,\"valueName\":\"search_term_string\"}}],\"inLanguage\":\"fr-FR\"},{\"@type\":\"Organization\",\"@id\":\"https:\/\/www.duperrex.ch\/fr\/#organization\",\"name\":\"Taxi Meubles SA\",\"url\":\"https:\/\/www.duperrex.ch\/fr\/\",\"logo\":{\"@type\":\"ImageObject\",\"inLanguage\":\"fr-FR\",\"@id\":\"https:\/\/www.duperrex.ch\/fr\/#\/schema\/logo\/image\/\",\"url\":\"https:\/\/www.duperrex.ch\/wp-content\/uploads\/2022\/10\/taxi-meubles-logo-600.png\",\"contentUrl\":\"https:\/\/www.duperrex.ch\/wp-content\/uploads\/2022\/10\/taxi-meubles-logo-600.png\",\"width\":596,\"height\":131,\"caption\":\"Taxi Meubles SA\"},\"image\":{\"@id\":\"https:\/\/www.duperrex.ch\/fr\/#\/schema\/logo\/image\/\"},\"sameAs\":[\"https:\/\/www.facebook.com\/Duperrex-Frres-Taxi-Meubles-408761332652693\/\",\"https:\/\/www.linkedin.com\/company\/11111557\/\"]}]}<\/script>\n<!-- \/ Yoast SEO plugin. -->","yoast_head_json":{"title":"Suivi de votre commande - Duperrex Fr\u00e8res SA","robots":{"index":"index","follow":"follow","max-snippet":"max-snippet:-1","max-image-preview":"max-image-preview:large","max-video-preview":"max-video-preview:-1"},"canonical":"https:\/\/www.duperrex.ch\/fr\/tracking\/","og_locale":"fr_FR","og_type":"article","og_title":"Suivi de votre commande - Duperrex Fr\u00e8res SA","og_description":"Suivi de votre commande","og_url":"https:\/\/www.duperrex.ch\/fr\/tracking\/","og_site_name":"Duperrex Fr\u00e8res SA","article_publisher":"https:\/\/www.facebook.com\/Duperrex-Frres-Taxi-Meubles-408761332652693\/","article_modified_time":"2023-09-29T15:13:18+00:00","twitter_card":"summary_large_image","twitter_misc":{"Dur\u00e9e de lecture estim\u00e9e":"1 minute"},"schema":{"@context":"https:\/\/schema.org","@graph":[{"@type":"WebPage","@id":"https:\/\/www.duperrex.ch\/fr\/tracking\/","url":"https:\/\/www.duperrex.ch\/fr\/tracking\/","name":"Suivi de votre commande - Duperrex Fr\u00e8res SA","isPartOf":{"@id":"https:\/\/www.duperrex.ch\/fr\/#website"},"datePublished":"2023-01-11T07:35:41+00:00","dateModified":"2023-09-29T15:13:18+00:00","breadcrumb":{"@id":"https:\/\/www.duperrex.ch\/fr\/tracking\/#breadcrumb"},"inLanguage":"fr-FR","potentialAction":[{"@type":"ReadAction","target":["https:\/\/www.duperrex.ch\/fr\/tracking\/"]}]},{"@type":"BreadcrumbList","@id":"https:\/\/www.duperrex.ch\/fr\/tracking\/#breadcrumb","itemListElement":[{"@type":"ListItem","position":1,"name":"Accueil","item":"https:\/\/www.duperrex.ch\/fr\/"},{"@type":"ListItem","position":2,"name":"Suivi de votre commande"}]},{"@type":"WebSite","@id":"https:\/\/www.duperrex.ch\/fr\/#website","url":"https:\/\/www.duperrex.ch\/fr\/","name":"Duperrex Fr\u00e8res SA","description":"Swiss logistics","publisher":{"@id":"https:\/\/www.duperrex.ch\/fr\/#organization"},"potentialAction":[{"@type":"SearchAction","target":{"@type":"EntryPoint","urlTemplate":"https:\/\/www.duperrex.ch\/fr\/?s={search_term_string}"},"query-input":{"@type":"PropertyValueSpecification","valueRequired":true,"valueName":"search_term_string"}}],"inLanguage":"fr-FR"},{"@type":"Organization","@id":"https:\/\/www.duperrex.ch\/fr\/#organization","name":"Taxi Meubles SA","url":"https:\/\/www.duperrex.ch\/fr\/","logo":{"@type":"ImageObject","inLanguage":"fr-FR","@id":"https:\/\/www.duperrex.ch\/fr\/#\/schema\/logo\/image\/","url":"https:\/\/www.duperrex.ch\/wp-content\/uploads\/2022\/10\/taxi-meubles-logo-600.png","contentUrl":"https:\/\/www.duperrex.ch\/wp-content\/uploads\/2022\/10\/taxi-meubles-logo-600.png","width":596,"height":131,"caption":"Taxi Meubles SA"},"image":{"@id":"https:\/\/www.duperrex.ch\/fr\/#\/schema\/logo\/image\/"},"sameAs":["https:\/\/www.facebook.com\/Duperrex-Frres-Taxi-Meubles-408761332652693\/","https:\/\/www.linkedin.com\/company\/11111557\/"]}]}},"_links":{"self":[{"href":"https:\/\/www.duperrex.ch\/fr\/wp-json\/wp\/v2\/pages\/1336","targetHints":{"allow":["GET"]}}],"collection":[{"href":"https:\/\/www.duperrex.ch\/fr\/wp-json\/wp\/v2\/pages"}],"about":[{"href":"https:\/\/www.duperrex.ch\/fr\/wp-json\/wp\/v2\/types\/page"}],"author":[{"embeddable":true,"href":"https:\/\/www.duperrex.ch\/fr\/wp-json\/wp\/v2\/users\/4"}],"replies":[{"embeddable":true,"href":"https:\/\/www.duperrex.ch\/fr\/wp-json\/wp\/v2\/comments?post=1336"}],"version-history":[{"count":32,"href":"https:\/\/www.duperrex.ch\/fr\/wp-json\/wp\/v2\/pages\/1336\/revisions"}],"predecessor-version":[{"id":2110,"href":"https:\/\/www.duperrex.ch\/fr\/wp-json\/wp\/v2\/pages\/1336\/revisions\/2110"}],"wp:attachment":[{"href":"https:\/\/www.duperrex.ch\/fr\/wp-json\/wp\/v2\/media?parent=1336"}],"curies":[{"name":"wp","href":"https:\/\/api.w.org\/{rel}","templated":true}]}}